{"id":252,"date":"2021-08-18T05:35:45","date_gmt":"2021-08-18T05:35:45","guid":{"rendered":"https:\/\/royalequvito.com\/about\/"},"modified":"2025-11-12T10:01:33","modified_gmt":"2025-11-12T10:01:33","slug":"about","status":"publish","type":"page","link":"https:\/\/royalequvito.com\/en\/about\/","title":{"rendered":"About us"},"content":{"rendered":"<div data-elementor-type=\"wp-page\" data-elementor-id=\"252\" class=\"elementor elementor-252\">\n\t\t\t\t<div class=\"elementor-element elementor-element-bae13bb e-flex e-con-boxed e-con e-parent\" data-id=\"bae13bb\" data-element_type=\"container\">\n\t\t\t\t\t<div class=\"e-con-inner\">\n\t\t\t\t<div class=\"elementor-element elementor-element-59b917c elementor-widget elementor-widget-spacer\" data-id=\"59b917c\" data-element_type=\"widget\" data-widget_type=\"spacer.default\">\n\t\t\t\t<div class=\"elementor-widget-container\">\n\t\t\t\t\t\t\t<div class=\"elementor-spacer\">\n\t\t\t<div class=\"elementor-spacer-inner\"><\/div>\n\t\t<\/div>\n\t\t\t\t\t\t<\/div>\n\t\t\t\t<\/div>\n\t\t\t\t\t<\/div>\n\t\t\t\t<\/div>\n\t\t\t\t<section class=\"elementor-section elementor-top-section elementor-element elementor-element-1336c617 elementor-section-height-min-height elementor-section-boxed elementor-section-height-default elementor-section-items-middle\" data-id=\"1336c617\" data-element_type=\"section\" data-settings=\"{&quot;background_background&quot;:&quot;classic&quot;}\">\n\t\t\t\t\t\t<div class=\"elementor-container elementor-column-gap-default\">\n\t\t\t\t\t<div class=\"elementor-column elementor-col-100 elementor-top-column elementor-element elementor-element-7f957220\" data-id=\"7f957220\" data-element_type=\"column\">\n\t\t\t<div class=\"elementor-widget-wrap elementor-element-populated\">\n\t\t\t\t\t\t\t<\/div>\n\t\t<\/div>\n\t\t\t\t\t<\/div>\n\t\t<\/section>\n\t\t\t\t<section class=\"elementor-section elementor-top-section elementor-element elementor-element-38765c5b elementor-section-boxed elementor-section-height-default elementor-section-height-default\" data-id=\"38765c5b\" data-element_type=\"section\">\n\t\t\t\t\t\t<div class=\"elementor-container elementor-column-gap-default\">\n\t\t\t\t\t<div class=\"elementor-column elementor-col-50 elementor-top-column elementor-element elementor-element-6a82d977\" data-id=\"6a82d977\" data-element_type=\"column\">\n\t\t\t<div class=\"elementor-widget-wrap elementor-element-populated\">\n\t\t\t\t\t\t<div class=\"elementor-element elementor-element-1eb674a4 elementor-widget__width-initial elementor-widget elementor-widget-image\" data-id=\"1eb674a4\" data-element_type=\"widget\" data-widget_type=\"image.default\">\n\t\t\t\t<div class=\"elementor-widget-container\">\n\t\t\t\t\t\t\t\t\t\t\t\t<figure class=\"wp-caption\">\n\t\t\t\t\t\t\t\t\t\t<img fetchpriority=\"high\" decoding=\"async\" width=\"1080\" height=\"1423\" src=\"https:\/\/royalequvito.com\/wp-content\/uploads\/2025\/11\/Nevtelen-terv-masolata-1.png\" class=\"attachment-full size-full wp-image-10101\" alt=\"\" srcset=\"https:\/\/royalequvito.com\/wp-content\/uploads\/2025\/11\/Nevtelen-terv-masolata-1.png 1080w, https:\/\/royalequvito.com\/wp-content\/uploads\/2025\/11\/Nevtelen-terv-masolata-1-228x300.png 228w, https:\/\/royalequvito.com\/wp-content\/uploads\/2025\/11\/Nevtelen-terv-masolata-1-777x1024.png 777w, https:\/\/royalequvito.com\/wp-content\/uploads\/2025\/11\/Nevtelen-terv-masolata-1-768x1012.png 768w, https:\/\/royalequvito.com\/wp-content\/uploads\/2025\/11\/Nevtelen-terv-masolata-1-600x791.png 600w\" sizes=\"(max-width: 1080px) 100vw, 1080px\" \/>\t\t\t\t\t\t\t\t\t\t\t<figcaption class=\"widget-image-caption wp-caption-text\"><\/figcaption>\n\t\t\t\t\t\t\t\t\t\t<\/figure>\n\t\t\t\t\t\t\t\t\t<\/div>\n\t\t\t\t<\/div>\n\t\t\t\t\t<\/div>\n\t\t<\/div>\n\t\t\t\t<div class=\"elementor-column elementor-col-50 elementor-top-column elementor-element elementor-element-3d440c4\" data-id=\"3d440c4\" data-element_type=\"column\">\n\t\t\t<div class=\"elementor-widget-wrap elementor-element-populated\">\n\t\t\t\t\t\t<div class=\"elementor-element elementor-element-3fe6116 elementor-widget elementor-widget-heading\" data-id=\"3fe6116\" data-element_type=\"widget\" data-widget_type=\"heading.default\">\n\t\t\t\t<div class=\"elementor-widget-container\">\n\t\t\t\t\t<h2 class=\"elementor-heading-title elementor-size-default\">Our Vision<\/h2>\t\t\t\t<\/div>\n\t\t\t\t<\/div>\n\t\t\t\t<div class=\"elementor-element elementor-element-23bc2676 elementor-widget elementor-widget-text-editor\" data-id=\"23bc2676\" data-element_type=\"widget\" data-widget_type=\"text-editor.default\">\n\t\t\t\t<div class=\"elementor-widget-container\">\n\t\t\t\t\t\t\t\t\t<p data-start=\"160\" data-end=\"467\">Our goal is to build a bridge between the two branches of the equestrian world \u2014 western and English riding \u2014 because we believe we are all part of one large equestrian community. We aim to connect and strengthen this community, so that a shared passion for riding, in all its forms, brings us together.<\/p><p data-start=\"160\" data-end=\"467\">\u00a0<\/p><p data-start=\"469\" data-end=\"762\">We strive to become key players in both the domestic and international equestrian world. Our products are designed to serve as reliable companions for everyone, from beginner riders to professional competitors \u2013 distinguished by their exceptional quality, timeless style, and unique character.<\/p><p data-start=\"469\" data-end=\"762\">\u00a0<\/p><p data-start=\"764\" data-end=\"991\">We want to build a brand where wearing it represents not just style, but a sense of belonging to a community, a family. Our main goal is for everyone who uses our products to ride with joy and confidence.<\/p><p data-start=\"764\" data-end=\"991\">\u00a0<\/p>\t\t\t\t\t\t\t\t<\/div>\n\t\t\t\t<\/div>\n\t\t\t\t\t<\/div>\n\t\t<\/div>\n\t\t\t\t\t<\/div>\n\t\t<\/section>\n\t\t<div class=\"elementor-element elementor-element-7358dbc e-flex e-con-boxed e-con e-parent\" data-id=\"7358dbc\" data-element_type=\"container\">\n\t\t\t\t\t<div class=\"e-con-inner\">\n\t\t<div class=\"elementor-element elementor-element-8981c21 e-con-full e-flex e-con e-child\" data-id=\"8981c21\" data-element_type=\"container\">\n\t\t\t\t<div class=\"elementor-element elementor-element-c6d1545 elementor-widget elementor-widget-heading\" data-id=\"c6d1545\" data-element_type=\"widget\" data-widget_type=\"heading.default\">\n\t\t\t\t<div class=\"elementor-widget-container\">\n\t\t\t\t\t<h2 class=\"elementor-heading-title elementor-size-default\">Our story<\/h2>\t\t\t\t<\/div>\n\t\t\t\t<\/div>\n\t\t\t\t<div class=\"elementor-element elementor-element-f7a2f56 elementor-widget elementor-widget-text-editor\" data-id=\"f7a2f56\" data-element_type=\"widget\" data-widget_type=\"text-editor.default\">\n\t\t\t\t<div class=\"elementor-widget-container\">\n\t\t\t\t\t\t\t\t\t<p>Our founder fell in love with these magnificent, beautiful animals at the age of three, and this passion has only deepened and strengthened over the years. They always knew they wanted to connect their life and work to horses in some way.<\/p>\t\t\t\t\t\t\t\t<\/div>\n\t\t\t\t<\/div>\n\t\t\t\t<div class=\"elementor-element elementor-element-7ae7753 elementor-widget elementor-widget-text-editor\" data-id=\"7ae7753\" data-element_type=\"widget\" data-widget_type=\"text-editor.default\">\n\t\t\t\t<div class=\"elementor-widget-container\">\n\t\t\t\t\t\t\t\t\t<p data-pm-slice=\"1 1 []\">\u201cI will never forget my first two mares, whom I received as a child. I learned so much from them. Later, as a teenager, I took on a truly big challenge: I became the owner of two four-year-old geldings with no real experience in working with young horses. Today, I can proudly say they are horses trained by me \u2014 of course with the help of my wonderful trainer. Looking back on everything we\u2019ve been through together and seeing where we are today, and how much still lies ahead of us, is an incredible feeling. It wasn\u2019t always easy, but I wouldn\u2019t trade these experiences for anything.\u201d\u00a0<\/p>\t\t\t\t\t\t\t\t<\/div>\n\t\t\t\t<\/div>\n\t\t\t\t<div class=\"elementor-element elementor-element-e24cd76 elementor-widget elementor-widget-text-editor\" data-id=\"e24cd76\" data-element_type=\"widget\" data-widget_type=\"text-editor.default\">\n\t\t\t\t<div class=\"elementor-widget-container\">\n\t\t\t\t\t\t\t\t\t<p>Creation, growth, and the discovery of new things have always been a part of her life \u2013 and it was through working with young horses that she found this feeling. Perhaps that's why the idea of creating her own brand was born: a place where she could create again and again, this time for horses and riders.<\/p>\t\t\t\t\t\t\t\t<\/div>\n\t\t\t\t<\/div>\n\t\t\t\t<div class=\"elementor-element elementor-element-1ec66e7 elementor-widget elementor-widget-heading\" data-id=\"1ec66e7\" data-element_type=\"widget\" data-widget_type=\"heading.default\">\n\t\t\t\t<div class=\"elementor-widget-container\">\n\t\t\t\t\t<h2 class=\"elementor-heading-title elementor-size-default\">The Name<\/h2>\t\t\t\t<\/div>\n\t\t\t\t<\/div>\n\t\t\t\t<div class=\"elementor-element elementor-element-69c2c24 elementor-widget elementor-widget-text-editor\" data-id=\"69c2c24\" data-element_type=\"widget\" data-widget_type=\"text-editor.default\">\n\t\t\t\t<div class=\"elementor-widget-container\">\n\t\t\t\t\t\t\t\t\t<p>\"I\u2019ve always known I wanted to give the brand a truly special name \u2013 one that sounds beautiful and is easy to remember. At the same time, it was important to me that the name also has meaning. And that's how the name Royal Equvito was born. <strong data-start=\"313\" data-end=\"330\">Royal Equvito<\/strong> - a  name that is inspired by one of my horses,who holds a special place in my heart.His name <strong data-start=\"355\" data-end=\"375\">Lavito The Royal<\/strong> and <strong data-start=\"387\" data-end=\"397\">Equine<\/strong> word.It was created by a creative blend of words. The moment I first wrote the word down like that, I immediately felt it was the perfect name.\"<\/p>\t\t\t\t\t\t\t\t<\/div>\n\t\t\t\t<\/div>\n\t\t\t\t<\/div>\n\t\t<div class=\"elementor-element elementor-element-6e41272 e-con-full e-flex e-con e-child\" data-id=\"6e41272\" data-element_type=\"container\">\n\t\t\t\t<div class=\"elementor-element elementor-element-25c1b6e elementor-widget elementor-widget-image\" data-id=\"25c1b6e\" data-element_type=\"widget\" data-widget_type=\"image.default\">\n\t\t\t\t<div class=\"elementor-widget-container\">\n\t\t\t\t\t\t\t\t\t\t\t\t\t\t\t<img decoding=\"async\" width=\"683\" height=\"1024\" src=\"https:\/\/royalequvito.com\/wp-content\/uploads\/2025\/06\/DSC_3945-683x1024.jpg\" class=\"attachment-large size-large wp-image-9808\" alt=\"\" srcset=\"https:\/\/royalequvito.com\/wp-content\/uploads\/2025\/06\/DSC_3945-683x1024.jpg 683w, https:\/\/royalequvito.com\/wp-content\/uploads\/2025\/06\/DSC_3945-200x300.jpg 200w, https:\/\/royalequvito.com\/wp-content\/uploads\/2025\/06\/DSC_3945-768x1152.jpg 768w, https:\/\/royalequvito.com\/wp-content\/uploads\/2025\/06\/DSC_3945-1024x1536.jpg 1024w, https:\/\/royalequvito.com\/wp-content\/uploads\/2025\/06\/DSC_3945-1365x2048.jpg 1365w, https:\/\/royalequvito.com\/wp-content\/uploads\/2025\/06\/DSC_3945-600x900.jpg 600w, https:\/\/royalequvito.com\/wp-content\/uploads\/2025\/06\/DSC_3945-scaled.jpg 1707w\" sizes=\"(max-width: 683px) 100vw, 683px\" \/>\t\t\t\t\t\t\t\t\t\t\t\t\t\t\t<\/div>\n\t\t\t\t<\/div>\n\t\t\t\t<\/div>\n\t\t\t\t\t<\/div>\n\t\t\t\t<\/div>\n\t\t\t\t<\/div>","protected":false},"excerpt":{"rendered":"<p>V\u00edzi\u00f3nk C\u00e9lunk, hogy hidat \u00e9p\u00edts\u00fcnk a lovasvil\u00e1g k\u00e9t \u00e1ga \u2013 a western \u00e9s az angol st\u00edlus \u2013 k\u00f6z\u00f6tt, hiszen hissz\u00fck, hogy mindannyian egy nagy,\u00a0 lovas k\u00f6z\u00f6ss\u00e9g r\u00e9szei vagyunk. Szeretn\u00e9nk \u00f6sszekapcsolni \u00e9s meger\u0151s\u00edteni ezt a k\u00f6z\u00f6ss\u00e9get, hogy a lovagl\u00e1s ir\u00e1nti szenved\u00e9ly minden form\u00e1j\u00e1ban \u00f6sszetartson benn\u00fcnket. \u00a0 T\u00f6reksz\u00fcnk arra, hogy a hazai \u00e9s a nemzetk\u00f6zi lovas \u00e9let [&hellip;]<\/p>","protected":false},"author":1,"featured_media":0,"parent":0,"menu_order":0,"comment_status":"closed","ping_status":"closed","template":"elementor_header_footer","meta":{"_uag_custom_page_level_css":"","site-sidebar-layout":"no-sidebar","site-content-layout":"page-builder","ast-site-content-layout":"","site-content-style":"default","site-sidebar-style":"default","ast-global-header-display":"","ast-banner-title-visibility":"","ast-main-header-display":"","ast-hfb-above-header-display":"","ast-hfb-below-header-display":"","ast-hfb-mobile-header-display":"","site-post-title":"disabled","ast-breadcrumbs-content":"disabled","ast-featured-img":"disabled","footer-sml-layout":"","theme-transparent-header-meta":"enabled","adv-header-id-meta":"","stick-header-meta":"","header-above-stick-meta":"","header-main-stick-meta":"","header-below-stick-meta":"","astra-migrate-meta-layouts":"default","ast-page-background-enabled":"default","ast-page-background-meta":{"desktop":{"background-color":"var(--ast-global-color-4)","background-image":"","background-repeat":"repeat","background-position":"center center","background-size":"auto","background-attachment":"scroll","background-type":"","background-media":"","overlay-type":"","overlay-color":"","overlay-opacity":"","overlay-gradient":""},"tablet":{"background-color":"","background-image":"","background-repeat":"repeat","background-position":"center center","background-size":"auto","background-attachment":"scroll","background-type":"","background-media":"","overlay-type":"","overlay-color":"","overlay-opacity":"","overlay-gradient":""},"mobile":{"background-color":"","background-image":"","background-repeat":"repeat","background-position":"center center","background-size":"auto","background-attachment":"scroll","background-type":"","background-media":"","overlay-type":"","overlay-color":"","overlay-opacity":"","overlay-gradient":""}},"ast-content-background-meta":{"desktop":{"background-color":"var(--ast-global-color-5)","background-image":"","background-repeat":"repeat","background-position":"center center","background-size":"auto","background-attachment":"scroll","background-type":"","background-media":"","overlay-type":"","overlay-color":"","overlay-opacity":"","overlay-gradient":""},"tablet":{"background-color":"var(--ast-global-color-5)","background-image":"","background-repeat":"repeat","background-position":"center center","background-size":"auto","background-attachment":"scroll","background-type":"","background-media":"","overlay-type":"","overlay-color":"","overlay-opacity":"","overlay-gradient":""},"mobile":{"background-color":"var(--ast-global-color-5)","background-image":"","background-repeat":"repeat","background-position":"center center","background-size":"auto","background-attachment":"scroll","background-type":"","background-media":"","overlay-type":"","overlay-color":"","overlay-opacity":"","overlay-gradient":""}},"iawp_total_views":53,"footnotes":""},"class_list":["post-252","page","type-page","status-publish","hentry"],"yoast_head":"<!-- This site is optimized with the Yoast SEO plugin v26.2 - https:\/\/yoast.com\/wordpress\/plugins\/seo\/ -->\n<title>R\u00f3lunk - Royal Equvito<\/title>\n<meta name=\"robots\" content=\"index, follow, max-snippet:-1, max-image-preview:large, max-video-preview:-1\" \/>\n<link rel=\"canonical\" href=\"https:\/\/royalequvito.com\/en\/about\/\" \/>\n<meta property=\"og:locale\" content=\"en_US\" \/>\n<meta property=\"og:type\" content=\"article\" \/>\n<meta property=\"og:title\" content=\"R\u00f3lunk - Royal Equvito\" \/>\n<meta property=\"og:description\" content=\"V\u00edzi\u00f3nk C\u00e9lunk, hogy hidat \u00e9p\u00edts\u00fcnk a lovasvil\u00e1g k\u00e9t \u00e1ga \u2013 a western \u00e9s az angol st\u00edlus \u2013 k\u00f6z\u00f6tt, hiszen hissz\u00fck, hogy mindannyian egy nagy,\u00a0 lovas k\u00f6z\u00f6ss\u00e9g r\u00e9szei vagyunk. Szeretn\u00e9nk \u00f6sszekapcsolni \u00e9s meger\u0151s\u00edteni ezt a k\u00f6z\u00f6ss\u00e9get, hogy a lovagl\u00e1s ir\u00e1nti szenved\u00e9ly minden form\u00e1j\u00e1ban \u00f6sszetartson benn\u00fcnket. \u00a0 T\u00f6reksz\u00fcnk arra, hogy a hazai \u00e9s a nemzetk\u00f6zi lovas \u00e9let [&hellip;]\" \/>\n<meta property=\"og:url\" content=\"https:\/\/royalequvito.com\/en\/about\/\" \/>\n<meta property=\"og:site_name\" content=\"Royal Equvito\" \/>\n<meta property=\"article:modified_time\" content=\"2025-11-12T10:01:33+00:00\" \/>\n<meta property=\"og:image\" content=\"https:\/\/royalequvito.com\/wp-content\/uploads\/2025\/11\/Nevtelen-terv-masolata-1-777x1024.png\" \/>\n\t<meta property=\"og:image:width\" content=\"777\" \/>\n\t<meta property=\"og:image:height\" content=\"1024\" \/>\n\t<meta property=\"og:image:type\" content=\"image\/png\" \/>\n<meta name=\"twitter:card\" content=\"summary_large_image\" \/>\n<meta name=\"twitter:label1\" content=\"Est. reading time\" \/>\n\t<meta name=\"twitter:data1\" content=\"3 minutes\" \/>\n<script type=\"application\/ld+json\" class=\"yoast-schema-graph\">{\"@context\":\"https:\/\/schema.org\",\"@graph\":[{\"@type\":\"WebPage\",\"@id\":\"https:\/\/royalequvito.com\/about\/\",\"url\":\"https:\/\/royalequvito.com\/about\/\",\"name\":\"R\u00f3lunk - Royal Equvito\",\"isPartOf\":{\"@id\":\"https:\/\/royalequvito.com\/#website\"},\"primaryImageOfPage\":{\"@id\":\"https:\/\/royalequvito.com\/about\/#primaryimage\"},\"image\":{\"@id\":\"https:\/\/royalequvito.com\/about\/#primaryimage\"},\"thumbnailUrl\":\"https:\/\/royalequvito.com\/wp-content\/uploads\/2025\/11\/Nevtelen-terv-masolata-1.png\",\"datePublished\":\"2021-08-18T05:35:45+00:00\",\"dateModified\":\"2025-11-12T10:01:33+00:00\",\"breadcrumb\":{\"@id\":\"https:\/\/royalequvito.com\/about\/#breadcrumb\"},\"inLanguage\":\"en-US\",\"potentialAction\":[{\"@type\":\"ReadAction\",\"target\":[\"https:\/\/royalequvito.com\/about\/\"]}]},{\"@type\":\"ImageObject\",\"inLanguage\":\"en-US\",\"@id\":\"https:\/\/royalequvito.com\/about\/#primaryimage\",\"url\":\"https:\/\/royalequvito.com\/wp-content\/uploads\/2025\/11\/Nevtelen-terv-masolata-1.png\",\"contentUrl\":\"https:\/\/royalequvito.com\/wp-content\/uploads\/2025\/11\/Nevtelen-terv-masolata-1.png\"},{\"@type\":\"BreadcrumbList\",\"@id\":\"https:\/\/royalequvito.com\/about\/#breadcrumb\",\"itemListElement\":[{\"@type\":\"ListItem\",\"position\":1,\"name\":\"Kezd\u0151lap\",\"item\":\"https:\/\/royalequvito.com\/\"},{\"@type\":\"ListItem\",\"position\":2,\"name\":\"R\u00f3lunk\"}]},{\"@type\":\"WebSite\",\"@id\":\"https:\/\/royalequvito.com\/#website\",\"url\":\"https:\/\/royalequvito.com\/\",\"name\":\"Royal Equvito\",\"description\":\"Royal Quality For Your Horse\",\"publisher\":{\"@id\":\"https:\/\/royalequvito.com\/#organization\"},\"potentialAction\":[{\"@type\":\"SearchAction\",\"target\":{\"@type\":\"EntryPoint\",\"urlTemplate\":\"https:\/\/royalequvito.com\/?s={search_term_string}\"},\"query-input\":{\"@type\":\"PropertyValueSpecification\",\"valueRequired\":true,\"valueName\":\"search_term_string\"}}],\"inLanguage\":\"en-US\"},{\"@type\":\"Organization\",\"@id\":\"https:\/\/royalequvito.com\/#organization\",\"name\":\"Royal Equvito\",\"url\":\"https:\/\/royalequvito.com\/\",\"logo\":{\"@type\":\"ImageObject\",\"inLanguage\":\"en-US\",\"@id\":\"https:\/\/royalequvito.com\/#\/schema\/logo\/image\/\",\"url\":\"https:\/\/royalequvito.com\/wp-content\/uploads\/2025\/11\/cropped-ChatGPT-Image-2025.-nov.-20.-11_08_48.png\",\"contentUrl\":\"https:\/\/royalequvito.com\/wp-content\/uploads\/2025\/11\/cropped-ChatGPT-Image-2025.-nov.-20.-11_08_48.png\",\"width\":1021,\"height\":1022,\"caption\":\"Royal Equvito\"},\"image\":{\"@id\":\"https:\/\/royalequvito.com\/#\/schema\/logo\/image\/\"}}]}<\/script>\n<!-- \/ Yoast SEO plugin. -->","yoast_head_json":{"title":"R\u00f3lunk - Royal Equvito","robots":{"index":"index","follow":"follow","max-snippet":"max-snippet:-1","max-image-preview":"max-image-preview:large","max-video-preview":"max-video-preview:-1"},"canonical":"https:\/\/royalequvito.com\/en\/about\/","og_locale":"en_US","og_type":"article","og_title":"R\u00f3lunk - Royal Equvito","og_description":"V\u00edzi\u00f3nk C\u00e9lunk, hogy hidat \u00e9p\u00edts\u00fcnk a lovasvil\u00e1g k\u00e9t \u00e1ga \u2013 a western \u00e9s az angol st\u00edlus \u2013 k\u00f6z\u00f6tt, hiszen hissz\u00fck, hogy mindannyian egy nagy,\u00a0 lovas k\u00f6z\u00f6ss\u00e9g r\u00e9szei vagyunk. Szeretn\u00e9nk \u00f6sszekapcsolni \u00e9s meger\u0151s\u00edteni ezt a k\u00f6z\u00f6ss\u00e9get, hogy a lovagl\u00e1s ir\u00e1nti szenved\u00e9ly minden form\u00e1j\u00e1ban \u00f6sszetartson benn\u00fcnket. \u00a0 T\u00f6reksz\u00fcnk arra, hogy a hazai \u00e9s a nemzetk\u00f6zi lovas \u00e9let [&hellip;]","og_url":"https:\/\/royalequvito.com\/en\/about\/","og_site_name":"Royal Equvito","article_modified_time":"2025-11-12T10:01:33+00:00","og_image":[{"width":777,"height":1024,"url":"https:\/\/royalequvito.com\/wp-content\/uploads\/2025\/11\/Nevtelen-terv-masolata-1-777x1024.png","type":"image\/png"}],"twitter_card":"summary_large_image","twitter_misc":{"Est. reading time":"3 minutes"},"schema":{"@context":"https:\/\/schema.org","@graph":[{"@type":"WebPage","@id":"https:\/\/royalequvito.com\/about\/","url":"https:\/\/royalequvito.com\/about\/","name":"R\u00f3lunk - Royal Equvito","isPartOf":{"@id":"https:\/\/royalequvito.com\/#website"},"primaryImageOfPage":{"@id":"https:\/\/royalequvito.com\/about\/#primaryimage"},"image":{"@id":"https:\/\/royalequvito.com\/about\/#primaryimage"},"thumbnailUrl":"https:\/\/royalequvito.com\/wp-content\/uploads\/2025\/11\/Nevtelen-terv-masolata-1.png","datePublished":"2021-08-18T05:35:45+00:00","dateModified":"2025-11-12T10:01:33+00:00","breadcrumb":{"@id":"https:\/\/royalequvito.com\/about\/#breadcrumb"},"inLanguage":"en-US","potentialAction":[{"@type":"ReadAction","target":["https:\/\/royalequvito.com\/about\/"]}]},{"@type":"ImageObject","inLanguage":"en-US","@id":"https:\/\/royalequvito.com\/about\/#primaryimage","url":"https:\/\/royalequvito.com\/wp-content\/uploads\/2025\/11\/Nevtelen-terv-masolata-1.png","contentUrl":"https:\/\/royalequvito.com\/wp-content\/uploads\/2025\/11\/Nevtelen-terv-masolata-1.png"},{"@type":"BreadcrumbList","@id":"https:\/\/royalequvito.com\/about\/#breadcrumb","itemListElement":[{"@type":"ListItem","position":1,"name":"Kezd\u0151lap","item":"https:\/\/royalequvito.com\/"},{"@type":"ListItem","position":2,"name":"R\u00f3lunk"}]},{"@type":"WebSite","@id":"https:\/\/royalequvito.com\/#website","url":"https:\/\/royalequvito.com\/","name":"Royal Equvito","description":"Royal Quality For Your Horse","publisher":{"@id":"https:\/\/royalequvito.com\/#organization"},"potentialAction":[{"@type":"SearchAction","target":{"@type":"EntryPoint","urlTemplate":"https:\/\/royalequvito.com\/?s={search_term_string}"},"query-input":{"@type":"PropertyValueSpecification","valueRequired":true,"valueName":"search_term_string"}}],"inLanguage":"en-US"},{"@type":"Organization","@id":"https:\/\/royalequvito.com\/#organization","name":"Royal Equvito","url":"https:\/\/royalequvito.com\/","logo":{"@type":"ImageObject","inLanguage":"en-US","@id":"https:\/\/royalequvito.com\/#\/schema\/logo\/image\/","url":"https:\/\/royalequvito.com\/wp-content\/uploads\/2025\/11\/cropped-ChatGPT-Image-2025.-nov.-20.-11_08_48.png","contentUrl":"https:\/\/royalequvito.com\/wp-content\/uploads\/2025\/11\/cropped-ChatGPT-Image-2025.-nov.-20.-11_08_48.png","width":1021,"height":1022,"caption":"Royal Equvito"},"image":{"@id":"https:\/\/royalequvito.com\/#\/schema\/logo\/image\/"}}]}},"uagb_featured_image_src":{"full":false,"thumbnail":false,"medium":false,"medium_large":false,"large":false,"1536x1536":false,"2048x2048":false,"trp-custom-language-flag":false,"woocommerce_thumbnail":false,"woocommerce_single":false,"woocommerce_gallery_thumbnail":false},"uagb_author_info":{"display_name":"Royal Equvito","author_link":"https:\/\/royalequvito.com\/en\/author\/the-royal\/"},"uagb_comment_info":0,"uagb_excerpt":"V\u00edzi\u00f3nk C\u00e9lunk, hogy hidat \u00e9p\u00edts\u00fcnk a lovasvil\u00e1g k\u00e9t \u00e1ga \u2013 a western \u00e9s az angol st\u00edlus \u2013 k\u00f6z\u00f6tt, hiszen hissz\u00fck, hogy mindannyian egy nagy,\u00a0 lovas k\u00f6z\u00f6ss\u00e9g r\u00e9szei vagyunk. Szeretn\u00e9nk \u00f6sszekapcsolni \u00e9s meger\u0151s\u00edteni ezt a k\u00f6z\u00f6ss\u00e9get, hogy a lovagl\u00e1s ir\u00e1nti szenved\u00e9ly minden form\u00e1j\u00e1ban \u00f6sszetartson benn\u00fcnket. \u00a0 T\u00f6reksz\u00fcnk arra, hogy a hazai \u00e9s a nemzetk\u00f6zi lovas \u00e9let&hellip;","_links":{"self":[{"href":"https:\/\/royalequvito.com\/en\/wp-json\/wp\/v2\/pages\/252","targetHints":{"allow":["GET"]}}],"collection":[{"href":"https:\/\/royalequvito.com\/en\/wp-json\/wp\/v2\/pages"}],"about":[{"href":"https:\/\/royalequvito.com\/en\/wp-json\/wp\/v2\/types\/page"}],"author":[{"embeddable":true,"href":"https:\/\/royalequvito.com\/en\/wp-json\/wp\/v2\/users\/1"}],"replies":[{"embeddable":true,"href":"https:\/\/royalequvito.com\/en\/wp-json\/wp\/v2\/comments?post=252"}],"version-history":[{"count":149,"href":"https:\/\/royalequvito.com\/en\/wp-json\/wp\/v2\/pages\/252\/revisions"}],"predecessor-version":[{"id":10295,"href":"https:\/\/royalequvito.com\/en\/wp-json\/wp\/v2\/pages\/252\/revisions\/10295"}],"wp:attachment":[{"href":"https:\/\/royalequvito.com\/en\/wp-json\/wp\/v2\/media?parent=252"}],"curies":[{"name":"wp","href":"https:\/\/api.w.org\/{rel}","templated":true}]}}