{"id":10522,"date":"2026-01-05T19:28:54","date_gmt":"2026-01-05T19:28:54","guid":{"rendered":"https:\/\/royalequvito.com\/?post_type=product&#038;p=10522"},"modified":"2026-02-02T17:29:23","modified_gmt":"2026-02-02T17:29:23","slug":"csomozott-kotofek-csikok-kikepzesehez-ezust-szinben","status":"publish","type":"product","link":"https:\/\/royalequvito.com\/en\/product\/csomozott-kotofek-csikok-kikepzesehez-ezust-szinben\/","title":{"rendered":"Moonstone knot halter"},"content":{"rendered":"<p><strong>Product Details &amp; Care<\/strong><\/p>\n<p><strong>Size: <\/strong>FULL<\/p>\n<p class=\"translation-block\"><strong>Color<\/strong>: Grey<\/p>\n<p class=\"translation-block\"><strong>Metal Logo Color<\/strong>: silver<\/p>\n<p><strong>Material<\/strong>:polypropylene<\/p>\n<p><strong>Thickness<\/strong> :6mm<\/p>\n<p>&nbsp;<\/p>\n<p><strong>Care Guide:<\/strong><\/p>\n<ul>\n<li><span class=\"OYPEnA font-feature-liga-off font-feature-clig-off font-feature-calt-off text-decoration-none text-strikethrough-none\">Hand wash<\/span><\/li>\n<\/ul>","protected":false},"excerpt":{"rendered":"<p>Knotted halter made from extra-strong 6mm rope, in elegant silver.<br data-start=\"184\" data-end=\"187\" \/>Adorned with a silver logo for a sleek, premium look.<br data-start=\"260\" data-end=\"263\" \/>Primarily recommended for training, young horses, and lunge work. Not suitable for tying..<\/p>","protected":false},"featured_media":10523,"comment_status":"open","ping_status":"closed","template":"","meta":{"_uag_custom_page_level_css":"","site-sidebar-layout":"default","site-content-layout":"","ast-site-content-layout":"default","site-content-style":"default","site-sidebar-style":"default","ast-global-header-display":"","ast-banner-title-visibility":"","ast-main-header-display":"","ast-hfb-above-header-display":"","ast-hfb-below-header-display":"","ast-hfb-mobile-header-display":"","site-post-title":"","ast-breadcrumbs-content":"","ast-featured-img":"","footer-sml-layout":"","theme-transparent-header-meta":"default","adv-header-id-meta":"","stick-header-meta":"","header-above-stick-meta":"","header-main-stick-meta":"","header-below-stick-meta":"","astra-migrate-meta-layouts":"set","ast-page-background-enabled":"default","ast-page-background-meta":{"desktop":{"background-color":"var(--ast-global-color-4)","background-image":"","background-repeat":"repeat","background-position":"center center","background-size":"auto","background-attachment":"scroll","background-type":"","background-media":"","overlay-type":"","overlay-color":"","overlay-opacity":"","overlay-gradient":""},"tablet":{"background-color":"","background-image":"","background-repeat":"repeat","background-position":"center center","background-size":"auto","background-attachment":"scroll","background-type":"","background-media":"","overlay-type":"","overlay-color":"","overlay-opacity":"","overlay-gradient":""},"mobile":{"background-color":"","background-image":"","background-repeat":"repeat","background-position":"center center","background-size":"auto","background-attachment":"scroll","background-type":"","background-media":"","overlay-type":"","overlay-color":"","overlay-opacity":"","overlay-gradient":""}},"ast-content-background-meta":{"desktop":{"background-color":"var(--ast-global-color-5)","background-image":"","background-repeat":"repeat","background-position":"center center","background-size":"auto","background-attachment":"scroll","background-type":"","background-media":"","overlay-type":"","overlay-color":"","overlay-opacity":"","overlay-gradient":""},"tablet":{"background-color":"var(--ast-global-color-5)","background-image":"","background-repeat":"repeat","background-position":"center center","background-size":"auto","background-attachment":"scroll","background-type":"","background-media":"","overlay-type":"","overlay-color":"","overlay-opacity":"","overlay-gradient":""},"mobile":{"background-color":"var(--ast-global-color-5)","background-image":"","background-repeat":"repeat","background-position":"center center","background-size":"auto","background-attachment":"scroll","background-type":"","background-media":"","overlay-type":"","overlay-color":"","overlay-opacity":"","overlay-gradient":""}},"iawp_total_views":2},"product_brand":[],"product_cat":[260],"product_tag":[],"class_list":{"0":"post-10522","1":"product","2":"type-product","3":"status-publish","4":"has-post-thumbnail","6":"product_cat-kotofek-es-vezetoszar","7":"desktop-align-left","8":"tablet-align-left","9":"mobile-align-left","11":"first","12":"instock","13":"shipping-taxable","14":"purchasable","15":"product-type-simple"},"yoast_head":"<!-- This site is optimized with the Yoast SEO plugin v26.2 - https:\/\/yoast.com\/wordpress\/plugins\/seo\/ -->\n<title>Moonstone csom\u00f3zott k\u00f6t\u0151f\u00e9k - Royal Equvito<\/title>\n<meta name=\"description\" content=\"Extra er\u0151s, 6 mm vastag k\u00f6t\u00e9lb\u0151l k\u00e9sz\u00fclt csom\u00f3zott k\u00f6t\u0151f\u00e9k ez\u00fcst sz\u00ednben, diszkr\u00e9t f\u00e9m log\u00f3val. Ide\u00e1lis csik\u00f3khoz \u00e9s fut\u00f3sz\u00e1ras k\u00e9pz\u00e9shez.\" \/>\n<meta name=\"robots\" content=\"index, follow, max-snippet:-1, max-image-preview:large, max-video-preview:-1\" \/>\n<link rel=\"canonical\" href=\"https:\/\/royalequvito.com\/en\/product\/csomozott-kotofek-csikok-kikepzesehez-ezust-szinben\/\" \/>\n<meta property=\"og:locale\" content=\"en_US\" \/>\n<meta property=\"og:type\" content=\"article\" \/>\n<meta property=\"og:title\" content=\"Moonstone csom\u00f3zott k\u00f6t\u0151f\u00e9k - Royal Equvito\" \/>\n<meta property=\"og:description\" content=\"Extra er\u0151s, 6 mm vastag k\u00f6t\u00e9lb\u0151l k\u00e9sz\u00fclt csom\u00f3zott k\u00f6t\u0151f\u00e9k ez\u00fcst sz\u00ednben, diszkr\u00e9t f\u00e9m log\u00f3val. Ide\u00e1lis csik\u00f3khoz \u00e9s fut\u00f3sz\u00e1ras k\u00e9pz\u00e9shez.\" \/>\n<meta property=\"og:url\" content=\"https:\/\/royalequvito.com\/en\/product\/csomozott-kotofek-csikok-kikepzesehez-ezust-szinben\/\" \/>\n<meta property=\"og:site_name\" content=\"Royal Equvito\" \/>\n<meta property=\"article:modified_time\" content=\"2026-02-02T17:29:23+00:00\" \/>\n<meta property=\"og:image\" content=\"https:\/\/royalequvito.com\/wp-content\/uploads\/2026\/01\/ChatGPT-Image-2026.-jan.-5.-19_44_39.png\" \/>\n\t<meta property=\"og:image:width\" content=\"1024\" \/>\n\t<meta property=\"og:image:height\" content=\"1536\" \/>\n\t<meta property=\"og:image:type\" content=\"image\/png\" \/>\n<meta name=\"twitter:card\" content=\"summary_large_image\" \/>\n<meta name=\"twitter:label1\" content=\"Est. reading time\" \/>\n\t<meta name=\"twitter:data1\" content=\"1 minute\" \/>\n<script type=\"application\/ld+json\" class=\"yoast-schema-graph\">{\"@context\":\"https:\/\/schema.org\",\"@graph\":[{\"@type\":\"WebPage\",\"@id\":\"https:\/\/royalequvito.com\/termek\/csomozott-kotofek-csikok-kikepzesehez-ezust-szinben\/\",\"url\":\"https:\/\/royalequvito.com\/termek\/csomozott-kotofek-csikok-kikepzesehez-ezust-szinben\/\",\"name\":\"Moonstone csom\u00f3zott k\u00f6t\u0151f\u00e9k - Royal Equvito\",\"isPartOf\":{\"@id\":\"https:\/\/royalequvito.com\/#website\"},\"primaryImageOfPage\":{\"@id\":\"https:\/\/royalequvito.com\/termek\/csomozott-kotofek-csikok-kikepzesehez-ezust-szinben\/#primaryimage\"},\"image\":{\"@id\":\"https:\/\/royalequvito.com\/termek\/csomozott-kotofek-csikok-kikepzesehez-ezust-szinben\/#primaryimage\"},\"thumbnailUrl\":\"https:\/\/royalequvito.com\/wp-content\/uploads\/2026\/01\/ChatGPT-Image-2026.-jan.-5.-19_44_39.png\",\"datePublished\":\"2026-01-05T19:28:54+00:00\",\"dateModified\":\"2026-02-02T17:29:23+00:00\",\"description\":\"Extra er\u0151s, 6 mm vastag k\u00f6t\u00e9lb\u0151l k\u00e9sz\u00fclt csom\u00f3zott k\u00f6t\u0151f\u00e9k ez\u00fcst sz\u00ednben, diszkr\u00e9t f\u00e9m log\u00f3val. Ide\u00e1lis csik\u00f3khoz \u00e9s fut\u00f3sz\u00e1ras k\u00e9pz\u00e9shez.\",\"breadcrumb\":{\"@id\":\"https:\/\/royalequvito.com\/termek\/csomozott-kotofek-csikok-kikepzesehez-ezust-szinben\/#breadcrumb\"},\"inLanguage\":\"en-US\",\"potentialAction\":[{\"@type\":\"ReadAction\",\"target\":[\"https:\/\/royalequvito.com\/termek\/csomozott-kotofek-csikok-kikepzesehez-ezust-szinben\/\"]}]},{\"@type\":\"ImageObject\",\"inLanguage\":\"en-US\",\"@id\":\"https:\/\/royalequvito.com\/termek\/csomozott-kotofek-csikok-kikepzesehez-ezust-szinben\/#primaryimage\",\"url\":\"https:\/\/royalequvito.com\/wp-content\/uploads\/2026\/01\/ChatGPT-Image-2026.-jan.-5.-19_44_39.png\",\"contentUrl\":\"https:\/\/royalequvito.com\/wp-content\/uploads\/2026\/01\/ChatGPT-Image-2026.-jan.-5.-19_44_39.png\",\"width\":1024,\"height\":1536},{\"@type\":\"BreadcrumbList\",\"@id\":\"https:\/\/royalequvito.com\/termek\/csomozott-kotofek-csikok-kikepzesehez-ezust-szinben\/#breadcrumb\",\"itemListElement\":[{\"@type\":\"ListItem\",\"position\":1,\"name\":\"Kezd\u0151lap\",\"item\":\"https:\/\/royalequvito.com\/\"},{\"@type\":\"ListItem\",\"position\":2,\"name\":\"Shop\",\"item\":\"https:\/\/royalequvito.com\/shop\/\"},{\"@type\":\"ListItem\",\"position\":3,\"name\":\"Moonstone csom\u00f3zott k\u00f6t\u0151f\u00e9k\"}]},{\"@type\":\"WebSite\",\"@id\":\"https:\/\/royalequvito.com\/#website\",\"url\":\"https:\/\/royalequvito.com\/\",\"name\":\"Royal Equvito\",\"description\":\"Royal Quality For Your Horse\",\"publisher\":{\"@id\":\"https:\/\/royalequvito.com\/#organization\"},\"potentialAction\":[{\"@type\":\"SearchAction\",\"target\":{\"@type\":\"EntryPoint\",\"urlTemplate\":\"https:\/\/royalequvito.com\/?s={search_term_string}\"},\"query-input\":{\"@type\":\"PropertyValueSpecification\",\"valueRequired\":true,\"valueName\":\"search_term_string\"}}],\"inLanguage\":\"en-US\"},{\"@type\":\"Organization\",\"@id\":\"https:\/\/royalequvito.com\/#organization\",\"name\":\"Royal Equvito\",\"url\":\"https:\/\/royalequvito.com\/\",\"logo\":{\"@type\":\"ImageObject\",\"inLanguage\":\"en-US\",\"@id\":\"https:\/\/royalequvito.com\/#\/schema\/logo\/image\/\",\"url\":\"https:\/\/royalequvito.com\/wp-content\/uploads\/2025\/11\/cropped-ChatGPT-Image-2025.-nov.-20.-11_08_48.png\",\"contentUrl\":\"https:\/\/royalequvito.com\/wp-content\/uploads\/2025\/11\/cropped-ChatGPT-Image-2025.-nov.-20.-11_08_48.png\",\"width\":1021,\"height\":1022,\"caption\":\"Royal Equvito\"},\"image\":{\"@id\":\"https:\/\/royalequvito.com\/#\/schema\/logo\/image\/\"}}]}<\/script>\n<!-- \/ Yoast SEO plugin. -->","yoast_head_json":{"title":"Moonstone csom\u00f3zott k\u00f6t\u0151f\u00e9k - Royal Equvito","description":"Extra er\u0151s, 6 mm vastag k\u00f6t\u00e9lb\u0151l k\u00e9sz\u00fclt csom\u00f3zott k\u00f6t\u0151f\u00e9k ez\u00fcst sz\u00ednben, diszkr\u00e9t f\u00e9m log\u00f3val. Ide\u00e1lis csik\u00f3khoz \u00e9s fut\u00f3sz\u00e1ras k\u00e9pz\u00e9shez.","robots":{"index":"index","follow":"follow","max-snippet":"max-snippet:-1","max-image-preview":"max-image-preview:large","max-video-preview":"max-video-preview:-1"},"canonical":"https:\/\/royalequvito.com\/en\/product\/csomozott-kotofek-csikok-kikepzesehez-ezust-szinben\/","og_locale":"en_US","og_type":"article","og_title":"Moonstone csom\u00f3zott k\u00f6t\u0151f\u00e9k - Royal Equvito","og_description":"Extra er\u0151s, 6 mm vastag k\u00f6t\u00e9lb\u0151l k\u00e9sz\u00fclt csom\u00f3zott k\u00f6t\u0151f\u00e9k ez\u00fcst sz\u00ednben, diszkr\u00e9t f\u00e9m log\u00f3val. Ide\u00e1lis csik\u00f3khoz \u00e9s fut\u00f3sz\u00e1ras k\u00e9pz\u00e9shez.","og_url":"https:\/\/royalequvito.com\/en\/product\/csomozott-kotofek-csikok-kikepzesehez-ezust-szinben\/","og_site_name":"Royal Equvito","article_modified_time":"2026-02-02T17:29:23+00:00","og_image":[{"width":1024,"height":1536,"url":"https:\/\/royalequvito.com\/wp-content\/uploads\/2026\/01\/ChatGPT-Image-2026.-jan.-5.-19_44_39.png","type":"image\/png"}],"twitter_card":"summary_large_image","twitter_misc":{"Est. reading time":"1 minute"},"schema":{"@context":"https:\/\/schema.org","@graph":[{"@type":"WebPage","@id":"https:\/\/royalequvito.com\/termek\/csomozott-kotofek-csikok-kikepzesehez-ezust-szinben\/","url":"https:\/\/royalequvito.com\/termek\/csomozott-kotofek-csikok-kikepzesehez-ezust-szinben\/","name":"Moonstone csom\u00f3zott k\u00f6t\u0151f\u00e9k - Royal Equvito","isPartOf":{"@id":"https:\/\/royalequvito.com\/#website"},"primaryImageOfPage":{"@id":"https:\/\/royalequvito.com\/termek\/csomozott-kotofek-csikok-kikepzesehez-ezust-szinben\/#primaryimage"},"image":{"@id":"https:\/\/royalequvito.com\/termek\/csomozott-kotofek-csikok-kikepzesehez-ezust-szinben\/#primaryimage"},"thumbnailUrl":"https:\/\/royalequvito.com\/wp-content\/uploads\/2026\/01\/ChatGPT-Image-2026.-jan.-5.-19_44_39.png","datePublished":"2026-01-05T19:28:54+00:00","dateModified":"2026-02-02T17:29:23+00:00","description":"Extra er\u0151s, 6 mm vastag k\u00f6t\u00e9lb\u0151l k\u00e9sz\u00fclt csom\u00f3zott k\u00f6t\u0151f\u00e9k ez\u00fcst sz\u00ednben, diszkr\u00e9t f\u00e9m log\u00f3val. Ide\u00e1lis csik\u00f3khoz \u00e9s fut\u00f3sz\u00e1ras k\u00e9pz\u00e9shez.","breadcrumb":{"@id":"https:\/\/royalequvito.com\/termek\/csomozott-kotofek-csikok-kikepzesehez-ezust-szinben\/#breadcrumb"},"inLanguage":"en-US","potentialAction":[{"@type":"ReadAction","target":["https:\/\/royalequvito.com\/termek\/csomozott-kotofek-csikok-kikepzesehez-ezust-szinben\/"]}]},{"@type":"ImageObject","inLanguage":"en-US","@id":"https:\/\/royalequvito.com\/termek\/csomozott-kotofek-csikok-kikepzesehez-ezust-szinben\/#primaryimage","url":"https:\/\/royalequvito.com\/wp-content\/uploads\/2026\/01\/ChatGPT-Image-2026.-jan.-5.-19_44_39.png","contentUrl":"https:\/\/royalequvito.com\/wp-content\/uploads\/2026\/01\/ChatGPT-Image-2026.-jan.-5.-19_44_39.png","width":1024,"height":1536},{"@type":"BreadcrumbList","@id":"https:\/\/royalequvito.com\/termek\/csomozott-kotofek-csikok-kikepzesehez-ezust-szinben\/#breadcrumb","itemListElement":[{"@type":"ListItem","position":1,"name":"Kezd\u0151lap","item":"https:\/\/royalequvito.com\/"},{"@type":"ListItem","position":2,"name":"Shop","item":"https:\/\/royalequvito.com\/shop\/"},{"@type":"ListItem","position":3,"name":"Moonstone csom\u00f3zott k\u00f6t\u0151f\u00e9k"}]},{"@type":"WebSite","@id":"https:\/\/royalequvito.com\/#website","url":"https:\/\/royalequvito.com\/","name":"Royal Equvito","description":"Royal Quality For Your Horse","publisher":{"@id":"https:\/\/royalequvito.com\/#organization"},"potentialAction":[{"@type":"SearchAction","target":{"@type":"EntryPoint","urlTemplate":"https:\/\/royalequvito.com\/?s={search_term_string}"},"query-input":{"@type":"PropertyValueSpecification","valueRequired":true,"valueName":"search_term_string"}}],"inLanguage":"en-US"},{"@type":"Organization","@id":"https:\/\/royalequvito.com\/#organization","name":"Royal Equvito","url":"https:\/\/royalequvito.com\/","logo":{"@type":"ImageObject","inLanguage":"en-US","@id":"https:\/\/royalequvito.com\/#\/schema\/logo\/image\/","url":"https:\/\/royalequvito.com\/wp-content\/uploads\/2025\/11\/cropped-ChatGPT-Image-2025.-nov.-20.-11_08_48.png","contentUrl":"https:\/\/royalequvito.com\/wp-content\/uploads\/2025\/11\/cropped-ChatGPT-Image-2025.-nov.-20.-11_08_48.png","width":1021,"height":1022,"caption":"Royal Equvito"},"image":{"@id":"https:\/\/royalequvito.com\/#\/schema\/logo\/image\/"}}]}},"uagb_featured_image_src":{"full":["https:\/\/royalequvito.com\/wp-content\/uploads\/2026\/01\/ChatGPT-Image-2026.-jan.-5.-19_44_39.png",1024,1536,false],"thumbnail":["https:\/\/royalequvito.com\/wp-content\/uploads\/2026\/01\/ChatGPT-Image-2026.-jan.-5.-19_44_39-150x150.png",150,150,true],"medium":["https:\/\/royalequvito.com\/wp-content\/uploads\/2026\/01\/ChatGPT-Image-2026.-jan.-5.-19_44_39-200x300.png",200,300,true],"medium_large":["https:\/\/royalequvito.com\/wp-content\/uploads\/2026\/01\/ChatGPT-Image-2026.-jan.-5.-19_44_39-768x1152.png",768,1152,true],"large":["https:\/\/royalequvito.com\/wp-content\/uploads\/2026\/01\/ChatGPT-Image-2026.-jan.-5.-19_44_39-683x1024.png",683,1024,true],"1536x1536":["https:\/\/royalequvito.com\/wp-content\/uploads\/2026\/01\/ChatGPT-Image-2026.-jan.-5.-19_44_39.png",1024,1536,false],"2048x2048":["https:\/\/royalequvito.com\/wp-content\/uploads\/2026\/01\/ChatGPT-Image-2026.-jan.-5.-19_44_39.png",1024,1536,false],"trp-custom-language-flag":["https:\/\/royalequvito.com\/wp-content\/uploads\/2026\/01\/ChatGPT-Image-2026.-jan.-5.-19_44_39-8x12.png",8,12,true],"woocommerce_thumbnail":["https:\/\/royalequvito.com\/wp-content\/uploads\/2026\/01\/ChatGPT-Image-2026.-jan.-5.-19_44_39-300x300.png",300,300,true],"woocommerce_single":["https:\/\/royalequvito.com\/wp-content\/uploads\/2026\/01\/ChatGPT-Image-2026.-jan.-5.-19_44_39-600x900.png",600,900,true],"woocommerce_gallery_thumbnail":["https:\/\/royalequvito.com\/wp-content\/uploads\/2026\/01\/ChatGPT-Image-2026.-jan.-5.-19_44_39-100x100.png",100,100,true]},"uagb_author_info":{"display_name":"Royal Equvito","author_link":"https:\/\/royalequvito.com\/en\/author\/"},"uagb_comment_info":0,"uagb_excerpt":"Csom\u00f3zott k\u00f6t\u0151f\u00e9k extra er\u0151s, 6 mm vastag k\u00f6t\u00e9lb\u0151l, eleg\u00e1ns ez\u00fcst sz\u00ednben.Ez\u00fcst sz\u00edn\u0171 log\u00f3 d\u00edsz\u00edti, amely letisztult, pr\u00e9mium megjelen\u00e9st biztos\u00edt.Els\u0151sorban kik\u00e9pz\u00e9shez, csik\u00f3khoz \u00e9s fut\u00f3sz\u00e1ras munk\u00e1hoz aj\u00e1nlott. Kik\u00f6t\u00e9shez nem alkalmas.","_links":{"self":[{"href":"https:\/\/royalequvito.com\/en\/wp-json\/wp\/v2\/product\/10522","targetHints":{"allow":["GET"]}}],"collection":[{"href":"https:\/\/royalequvito.com\/en\/wp-json\/wp\/v2\/product"}],"about":[{"href":"https:\/\/royalequvito.com\/en\/wp-json\/wp\/v2\/types\/product"}],"replies":[{"embeddable":true,"href":"https:\/\/royalequvito.com\/en\/wp-json\/wp\/v2\/comments?post=10522"}],"wp:featuredmedia":[{"embeddable":true,"href":"https:\/\/royalequvito.com\/en\/wp-json\/wp\/v2\/media\/10523"}],"wp:attachment":[{"href":"https:\/\/royalequvito.com\/en\/wp-json\/wp\/v2\/media?parent=10522"}],"wp:term":[{"taxonomy":"product_brand","embeddable":true,"href":"https:\/\/royalequvito.com\/en\/wp-json\/wp\/v2\/product_brand?post=10522"},{"taxonomy":"product_cat","embeddable":true,"href":"https:\/\/royalequvito.com\/en\/wp-json\/wp\/v2\/product_cat?post=10522"},{"taxonomy":"product_tag","embeddable":true,"href":"https:\/\/royalequvito.com\/en\/wp-json\/wp\/v2\/product_tag?post=10522"}],"curies":[{"name":"wp","href":"https:\/\/api.w.org\/{rel}","templated":true}]}}