{"id":9344,"date":"2025-02-17T14:28:18","date_gmt":"2025-02-17T14:28:18","guid":{"rendered":"https:\/\/theroyalwebshop.hu\/?post_type=product&#038;p=9344"},"modified":"2026-02-02T17:30:51","modified_gmt":"2026-02-02T17:30:51","slug":"royal-equvito-glimmer-vanil-strawberry-showpad-elenk-csillogo-uj-zelandi-gyapju","status":"publish","type":"product","link":"https:\/\/royalequvito.com\/en\/product\/royal-equvito-glimmer-vanil-strawberry-showpad-elenk-csillogo-uj-zelandi-gyapju\/","title":{"rendered":"GLIMMER VANIL STRAWBERRY showpad"},"content":{"rendered":"<article class=\"text-token-text-primary w-full focus:outline-none [--shadow-height:45px] has-data-writing-block:pointer-events-none has-data-writing-block:-mt-(--shadow-height) has-data-writing-block:pt-(--shadow-height) [&amp;:has([data-writing-block])&gt;*]:pointer-events-auto [content-visibility:auto] supports-[content-visibility:auto]:[contain-intrinsic-size:auto_100lvh] scroll-mt-[calc(var(--header-height)+min(200px,max(70px,20svh)))]\" dir=\"auto\" tabindex=\"-1\" data-turn-id=\"e9964cff-11d6-4982-9a18-d2c49d345b8a\" data-testid=\"conversation-turn-102\" data-scroll-anchor=\"true\" data-turn=\"assistant\">\n<div class=\"text-base my-auto mx-auto pb-10 [--thread-content-margin:--spacing(4)] thread-sm:[--thread-content-margin:--spacing(6)] thread-lg:[--thread-content-margin:--spacing(16)] px-(--thread-content-margin)\">\n<div class=\"[--thread-content-max-width:40rem] thread-lg:[--thread-content-max-width:48rem] mx-auto max-w-(--thread-content-max-width) flex-1 group\/turn-messages focus-visible:outline-hidden relative flex w-full min-w-0 flex-col agent-turn\" tabindex=\"-1\">\n<div class=\"flex max-w-full flex-col grow\">\n<div class=\"min-h-8 text-message relative flex w-full flex-col items-end gap-2 text-start break-words whitespace-normal [.text-message+&amp;]:mt-1\" dir=\"auto\" data-message-author-role=\"assistant\" data-message-id=\"216ef774-a65d-465e-87fa-1e68ece8ddd3\" data-message-model-slug=\"gpt-5\">\n<div class=\"flex w-full flex-col gap-1 empty:hidden first:pt-[1px]\">\n<div class=\"markdown prose dark:prose-invert w-full break-words light markdown-new-styling\">\n<p><strong>Overview:<\/strong><\/p>\n<p>High-quality New Zealand wool<\/p>\n<p>Tightly woven structure<\/p>\n<p>Rich, luminous colors<\/p>\n<p>Sparkling models<\/p>\n<p>Measurements: 56 x 91 cm<\/p>\n<\/div>\n<\/div>\n<\/div>\n<\/div>\n<\/div>\n<\/div>\n<\/article>\n<p>&nbsp;<\/p>\n<p><strong>Care Guide:<\/strong><\/p>\n<p class=\"cvGsUA direction-ltr align-start para-style-body\"><span class=\"OYPEnA font-feature-liga-off font-feature-clig-off font-feature-calt-off text-decoration-none text-strikethrough-none\">Hand wash only<\/span><\/p>\n<p class=\"cvGsUA direction-ltr align-start para-style-body\"><span class=\"OYPEnA font-feature-liga-off font-feature-clig-off font-feature-calt-off text-decoration-none text-strikethrough-none\">Detergent not recommended<\/span><\/p>\n<p class=\"cvGsUA direction-ltr align-start para-style-body\"><span class=\"OYPEnA font-feature-liga-off font-feature-clig-off font-feature-calt-off text-decoration-none text-strikethrough-none\">Do not rub!<\/span><\/p>\n<p class=\"cvGsUA direction-ltr align-start para-style-body\"><span class=\"OYPEnA font-feature-liga-off font-feature-clig-off font-feature-calt-off text-decoration-none text-strikethrough-none\">Apply leather care products on the leather part<\/span><\/p>\n<p class=\"cvGsUA direction-ltr align-start para-style-body\"><span class=\"OYPEnA font-feature-liga-off font-feature-clig-off font-feature-calt-off text-decoration-none text-strikethrough-none\">Hang to air dry<\/span><\/p>\n<p>&nbsp;<\/p>\n<p>&nbsp;<\/p>\n<p>&nbsp;<\/p>\n<p>The product comes with one free plastic bag. The bag is part of the secure packaging and is not included in the price.<\/p>\n<p>We cannot be held liable for damage to the bag, as long as the showpad reaches you in perfect condition.<\/p>","protected":false},"excerpt":{"rendered":"<p><strong>Pre-order Item<\/strong><\/p>\n<p>&nbsp;<\/p>\n<p>Glimmer Vanil Strawberry showpad<\/p>\n<article class=\"text-token-text-primary w-full focus:outline-none [--shadow-height:45px] has-data-writing-block:pointer-events-none has-data-writing-block:-mt-(--shadow-height) has-data-writing-block:pt-(--shadow-height) [&amp;:has([data-writing-block])&gt;*]:pointer-events-auto [content-visibility:auto] supports-[content-visibility:auto]:[contain-intrinsic-size:auto_100lvh] scroll-mt-[calc(var(--header-height)+min(200px,max(70px,20svh)))]\" dir=\"auto\" tabindex=\"-1\" data-turn-id=\"e9964cff-11d6-4982-9a18-d2c49d345b8a\" data-testid=\"conversation-turn-102\" data-scroll-anchor=\"true\" data-turn=\"assistant\">\n<div class=\"text-base my-auto mx-auto pb-10 [--thread-content-margin:--spacing(4)] thread-sm:[--thread-content-margin:--spacing(6)] thread-lg:[--thread-content-margin:--spacing(16)] px-(--thread-content-margin)\">\n<div class=\"[--thread-content-max-width:40rem] thread-lg:[--thread-content-max-width:48rem] mx-auto max-w-(--thread-content-max-width) flex-1 group\/turn-messages focus-visible:outline-hidden relative flex w-full min-w-0 flex-col agent-turn\" tabindex=\"-1\">\n<div class=\"flex max-w-full flex-col grow\">\n<div class=\"min-h-8 text-message relative flex w-full flex-col items-end gap-2 text-start break-words whitespace-normal [.text-message+&amp;]:mt-1\" dir=\"auto\" data-message-author-role=\"assistant\" data-message-id=\"216ef774-a65d-465e-87fa-1e68ece8ddd3\" data-message-model-slug=\"gpt-5\">\n<div class=\"flex w-full flex-col gap-1 empty:hidden first:pt-[1px]\">\n<div class=\"markdown prose dark:prose-invert w-full break-words light markdown-new-styling\">\n<p data-start=\"0\" data-end=\"182\" data-is-last-node=\"\" data-is-only-node=\"\">It is made from high-quality materials, making it extremely durable. Thanks to its bold, vibrant colors \u2013 and especially the shimmering models \u2013 it stands out from the crowd even from a distance.<\/p>\n<\/div>\n<\/div>\n<\/div>\n<\/div>\n<div class=\"z-0 flex min-h-[46px] justify-start\"><\/div>\n<\/div>\n<\/div>\n<\/article>\n<div class=\"pointer-events-none h-px w-px\" aria-hidden=\"true\" data-edge=\"true\"><\/div>\n<p>&nbsp;<\/p>\n<p><em>Pre-order products (2\u20133 weeks processing time)<\/em><\/p>","protected":false},"featured_media":9345,"comment_status":"open","ping_status":"closed","template":"","meta":{"_uag_custom_page_level_css":"","site-sidebar-layout":"default","site-content-layout":"","ast-site-content-layout":"default","site-content-style":"default","site-sidebar-style":"default","ast-global-header-display":"","ast-banner-title-visibility":"","ast-main-header-display":"","ast-hfb-above-header-display":"","ast-hfb-below-header-display":"","ast-hfb-mobile-header-display":"","site-post-title":"","ast-breadcrumbs-content":"","ast-featured-img":"","footer-sml-layout":"","theme-transparent-header-meta":"default","adv-header-id-meta":"","stick-header-meta":"","header-above-stick-meta":"","header-main-stick-meta":"","header-below-stick-meta":"","astra-migrate-meta-layouts":"set","ast-page-background-enabled":"default","ast-page-background-meta":{"desktop":{"background-color":"var(--ast-global-color-4)","background-image":"","background-repeat":"repeat","background-position":"center center","background-size":"auto","background-attachment":"scroll","background-type":"","background-media":"","overlay-type":"","overlay-color":"","overlay-opacity":"","overlay-gradient":""},"tablet":{"background-color":"","background-image":"","background-repeat":"repeat","background-position":"center center","background-size":"auto","background-attachment":"scroll","background-type":"","background-media":"","overlay-type":"","overlay-color":"","overlay-opacity":"","overlay-gradient":""},"mobile":{"background-color":"","background-image":"","background-repeat":"repeat","background-position":"center center","background-size":"auto","background-attachment":"scroll","background-type":"","background-media":"","overlay-type":"","overlay-color":"","overlay-opacity":"","overlay-gradient":""}},"ast-content-background-meta":{"desktop":{"background-color":"var(--ast-global-color-5)","background-image":"","background-repeat":"repeat","background-position":"center center","background-size":"auto","background-attachment":"scroll","background-type":"","background-media":"","overlay-type":"","overlay-color":"","overlay-opacity":"","overlay-gradient":""},"tablet":{"background-color":"var(--ast-global-color-5)","background-image":"","background-repeat":"repeat","background-position":"center center","background-size":"auto","background-attachment":"scroll","background-type":"","background-media":"","overlay-type":"","overlay-color":"","overlay-opacity":"","overlay-gradient":""},"mobile":{"background-color":"var(--ast-global-color-5)","background-image":"","background-repeat":"repeat","background-position":"center center","background-size":"auto","background-attachment":"scroll","background-type":"","background-media":"","overlay-type":"","overlay-color":"","overlay-opacity":"","overlay-gradient":""}},"iawp_total_views":7},"product_brand":[],"product_cat":[263],"product_tag":[],"class_list":{"0":"post-9344","1":"product","2":"type-product","3":"status-publish","4":"has-post-thumbnail","6":"product_cat-showpad-ek-wool-pad-ek","7":"desktop-align-left","8":"tablet-align-left","9":"mobile-align-left","11":"first","12":"instock","13":"shipping-taxable","14":"purchasable","15":"product-type-simple"},"yoast_head":"<!-- This site is optimized with the Yoast SEO plugin v26.2 - https:\/\/yoast.com\/wordpress\/plugins\/seo\/ -->\n<title>GLIMMER VANIL STRAWBERRY showpad - Royal Equvito<\/title>\n<meta name=\"description\" content=\"Fedezd fel a Royal Equvito Glimmer Vanil Strawberry showpadet! Kiv\u00e1l\u00f3 min\u0151s\u00e9g\u0171 \u00daj-z\u00e9landi gyapj\u00fa, s\u0171r\u0171 sz\u00f6v\u00e9s, \u00e9l\u00e9nk, csillog\u00f3 sz\u00ednek, strapab\u00edr\u00f3 \u00e9s st\u00edlusos. M\u00e9rete: 56 x 91 cm. T\u00f6k\u00e9letes kieg\u00e9sz\u00edt\u0151 a lovas felszerel\u00e9sedhez.\" \/>\n<meta name=\"robots\" content=\"index, follow, max-snippet:-1, max-image-preview:large, max-video-preview:-1\" \/>\n<link rel=\"canonical\" href=\"https:\/\/royalequvito.com\/en\/product\/royal-equvito-glimmer-vanil-strawberry-showpad-elenk-csillogo-uj-zelandi-gyapju\/\" \/>\n<meta property=\"og:locale\" content=\"en_US\" \/>\n<meta property=\"og:type\" content=\"article\" \/>\n<meta property=\"og:title\" content=\"GLIMMER VANIL STRAWBERRY showpad - Royal Equvito\" \/>\n<meta property=\"og:description\" content=\"Fedezd fel a Royal Equvito Glimmer Vanil Strawberry showpadet! Kiv\u00e1l\u00f3 min\u0151s\u00e9g\u0171 \u00daj-z\u00e9landi gyapj\u00fa, s\u0171r\u0171 sz\u00f6v\u00e9s, \u00e9l\u00e9nk, csillog\u00f3 sz\u00ednek, strapab\u00edr\u00f3 \u00e9s st\u00edlusos. M\u00e9rete: 56 x 91 cm. T\u00f6k\u00e9letes kieg\u00e9sz\u00edt\u0151 a lovas felszerel\u00e9sedhez.\" \/>\n<meta property=\"og:url\" content=\"https:\/\/royalequvito.com\/en\/product\/royal-equvito-glimmer-vanil-strawberry-showpad-elenk-csillogo-uj-zelandi-gyapju\/\" \/>\n<meta property=\"og:site_name\" content=\"Royal Equvito\" \/>\n<meta property=\"article:modified_time\" content=\"2026-02-02T17:30:51+00:00\" \/>\n<meta property=\"og:image\" content=\"https:\/\/royalequvito.com\/wp-content\/uploads\/2025\/02\/Nevtelen-terv-4.png\" \/>\n\t<meta property=\"og:image:width\" content=\"1080\" \/>\n\t<meta property=\"og:image:height\" content=\"1080\" \/>\n\t<meta property=\"og:image:type\" content=\"image\/png\" \/>\n<meta name=\"twitter:card\" content=\"summary_large_image\" \/>\n<meta name=\"twitter:label1\" content=\"Est. reading time\" \/>\n\t<meta name=\"twitter:data1\" content=\"1 minute\" \/>\n<script type=\"application\/ld+json\" class=\"yoast-schema-graph\">{\"@context\":\"https:\/\/schema.org\",\"@graph\":[{\"@type\":\"WebPage\",\"@id\":\"https:\/\/royalequvito.com\/termek\/royal-equvito-glimmer-vanil-strawberry-showpad-elenk-csillogo-uj-zelandi-gyapju\/\",\"url\":\"https:\/\/royalequvito.com\/termek\/royal-equvito-glimmer-vanil-strawberry-showpad-elenk-csillogo-uj-zelandi-gyapju\/\",\"name\":\"GLIMMER VANIL STRAWBERRY showpad - Royal Equvito\",\"isPartOf\":{\"@id\":\"https:\/\/royalequvito.com\/#website\"},\"primaryImageOfPage\":{\"@id\":\"https:\/\/royalequvito.com\/termek\/royal-equvito-glimmer-vanil-strawberry-showpad-elenk-csillogo-uj-zelandi-gyapju\/#primaryimage\"},\"image\":{\"@id\":\"https:\/\/royalequvito.com\/termek\/royal-equvito-glimmer-vanil-strawberry-showpad-elenk-csillogo-uj-zelandi-gyapju\/#primaryimage\"},\"thumbnailUrl\":\"https:\/\/royalequvito.com\/wp-content\/uploads\/2025\/02\/Nevtelen-terv-4.png\",\"datePublished\":\"2025-02-17T14:28:18+00:00\",\"dateModified\":\"2026-02-02T17:30:51+00:00\",\"description\":\"Fedezd fel a Royal Equvito Glimmer Vanil Strawberry showpadet! Kiv\u00e1l\u00f3 min\u0151s\u00e9g\u0171 \u00daj-z\u00e9landi gyapj\u00fa, s\u0171r\u0171 sz\u00f6v\u00e9s, \u00e9l\u00e9nk, csillog\u00f3 sz\u00ednek, strapab\u00edr\u00f3 \u00e9s st\u00edlusos. M\u00e9rete: 56 x 91 cm. T\u00f6k\u00e9letes kieg\u00e9sz\u00edt\u0151 a lovas felszerel\u00e9sedhez.\",\"breadcrumb\":{\"@id\":\"https:\/\/royalequvito.com\/termek\/royal-equvito-glimmer-vanil-strawberry-showpad-elenk-csillogo-uj-zelandi-gyapju\/#breadcrumb\"},\"inLanguage\":\"en-US\",\"potentialAction\":[{\"@type\":\"ReadAction\",\"target\":[\"https:\/\/royalequvito.com\/termek\/royal-equvito-glimmer-vanil-strawberry-showpad-elenk-csillogo-uj-zelandi-gyapju\/\"]}]},{\"@type\":\"ImageObject\",\"inLanguage\":\"en-US\",\"@id\":\"https:\/\/royalequvito.com\/termek\/royal-equvito-glimmer-vanil-strawberry-showpad-elenk-csillogo-uj-zelandi-gyapju\/#primaryimage\",\"url\":\"https:\/\/royalequvito.com\/wp-content\/uploads\/2025\/02\/Nevtelen-terv-4.png\",\"contentUrl\":\"https:\/\/royalequvito.com\/wp-content\/uploads\/2025\/02\/Nevtelen-terv-4.png\",\"width\":1080,\"height\":1080},{\"@type\":\"BreadcrumbList\",\"@id\":\"https:\/\/royalequvito.com\/termek\/royal-equvito-glimmer-vanil-strawberry-showpad-elenk-csillogo-uj-zelandi-gyapju\/#breadcrumb\",\"itemListElement\":[{\"@type\":\"ListItem\",\"position\":1,\"name\":\"Kezd\u0151lap\",\"item\":\"https:\/\/royalequvito.com\/\"},{\"@type\":\"ListItem\",\"position\":2,\"name\":\"Shop\",\"item\":\"https:\/\/royalequvito.com\/shop\/\"},{\"@type\":\"ListItem\",\"position\":3,\"name\":\"GLIMMER VANIL STRAWBERRY showpad\"}]},{\"@type\":\"WebSite\",\"@id\":\"https:\/\/royalequvito.com\/#website\",\"url\":\"https:\/\/royalequvito.com\/\",\"name\":\"Royal Equvito\",\"description\":\"Royal Quality For Your Horse\",\"publisher\":{\"@id\":\"https:\/\/royalequvito.com\/#organization\"},\"potentialAction\":[{\"@type\":\"SearchAction\",\"target\":{\"@type\":\"EntryPoint\",\"urlTemplate\":\"https:\/\/royalequvito.com\/?s={search_term_string}\"},\"query-input\":{\"@type\":\"PropertyValueSpecification\",\"valueRequired\":true,\"valueName\":\"search_term_string\"}}],\"inLanguage\":\"en-US\"},{\"@type\":\"Organization\",\"@id\":\"https:\/\/royalequvito.com\/#organization\",\"name\":\"Royal Equvito\",\"url\":\"https:\/\/royalequvito.com\/\",\"logo\":{\"@type\":\"ImageObject\",\"inLanguage\":\"en-US\",\"@id\":\"https:\/\/royalequvito.com\/#\/schema\/logo\/image\/\",\"url\":\"https:\/\/royalequvito.com\/wp-content\/uploads\/2025\/11\/cropped-ChatGPT-Image-2025.-nov.-20.-11_08_48.png\",\"contentUrl\":\"https:\/\/royalequvito.com\/wp-content\/uploads\/2025\/11\/cropped-ChatGPT-Image-2025.-nov.-20.-11_08_48.png\",\"width\":1021,\"height\":1022,\"caption\":\"Royal Equvito\"},\"image\":{\"@id\":\"https:\/\/royalequvito.com\/#\/schema\/logo\/image\/\"}}]}<\/script>\n<!-- \/ Yoast SEO plugin. -->","yoast_head_json":{"title":"GLIMMER VANIL STRAWBERRY showpad - Royal Equvito","description":"Fedezd fel a Royal Equvito Glimmer Vanil Strawberry showpadet! Kiv\u00e1l\u00f3 min\u0151s\u00e9g\u0171 \u00daj-z\u00e9landi gyapj\u00fa, s\u0171r\u0171 sz\u00f6v\u00e9s, \u00e9l\u00e9nk, csillog\u00f3 sz\u00ednek, strapab\u00edr\u00f3 \u00e9s st\u00edlusos. M\u00e9rete: 56 x 91 cm. T\u00f6k\u00e9letes kieg\u00e9sz\u00edt\u0151 a lovas felszerel\u00e9sedhez.","robots":{"index":"index","follow":"follow","max-snippet":"max-snippet:-1","max-image-preview":"max-image-preview:large","max-video-preview":"max-video-preview:-1"},"canonical":"https:\/\/royalequvito.com\/en\/product\/royal-equvito-glimmer-vanil-strawberry-showpad-elenk-csillogo-uj-zelandi-gyapju\/","og_locale":"en_US","og_type":"article","og_title":"GLIMMER VANIL STRAWBERRY showpad - Royal Equvito","og_description":"Fedezd fel a Royal Equvito Glimmer Vanil Strawberry showpadet! Kiv\u00e1l\u00f3 min\u0151s\u00e9g\u0171 \u00daj-z\u00e9landi gyapj\u00fa, s\u0171r\u0171 sz\u00f6v\u00e9s, \u00e9l\u00e9nk, csillog\u00f3 sz\u00ednek, strapab\u00edr\u00f3 \u00e9s st\u00edlusos. M\u00e9rete: 56 x 91 cm. T\u00f6k\u00e9letes kieg\u00e9sz\u00edt\u0151 a lovas felszerel\u00e9sedhez.","og_url":"https:\/\/royalequvito.com\/en\/product\/royal-equvito-glimmer-vanil-strawberry-showpad-elenk-csillogo-uj-zelandi-gyapju\/","og_site_name":"Royal Equvito","article_modified_time":"2026-02-02T17:30:51+00:00","og_image":[{"width":1080,"height":1080,"url":"https:\/\/royalequvito.com\/wp-content\/uploads\/2025\/02\/Nevtelen-terv-4.png","type":"image\/png"}],"twitter_card":"summary_large_image","twitter_misc":{"Est. reading time":"1 minute"},"schema":{"@context":"https:\/\/schema.org","@graph":[{"@type":"WebPage","@id":"https:\/\/royalequvito.com\/termek\/royal-equvito-glimmer-vanil-strawberry-showpad-elenk-csillogo-uj-zelandi-gyapju\/","url":"https:\/\/royalequvito.com\/termek\/royal-equvito-glimmer-vanil-strawberry-showpad-elenk-csillogo-uj-zelandi-gyapju\/","name":"GLIMMER VANIL STRAWBERRY showpad - Royal Equvito","isPartOf":{"@id":"https:\/\/royalequvito.com\/#website"},"primaryImageOfPage":{"@id":"https:\/\/royalequvito.com\/termek\/royal-equvito-glimmer-vanil-strawberry-showpad-elenk-csillogo-uj-zelandi-gyapju\/#primaryimage"},"image":{"@id":"https:\/\/royalequvito.com\/termek\/royal-equvito-glimmer-vanil-strawberry-showpad-elenk-csillogo-uj-zelandi-gyapju\/#primaryimage"},"thumbnailUrl":"https:\/\/royalequvito.com\/wp-content\/uploads\/2025\/02\/Nevtelen-terv-4.png","datePublished":"2025-02-17T14:28:18+00:00","dateModified":"2026-02-02T17:30:51+00:00","description":"Fedezd fel a Royal Equvito Glimmer Vanil Strawberry showpadet! Kiv\u00e1l\u00f3 min\u0151s\u00e9g\u0171 \u00daj-z\u00e9landi gyapj\u00fa, s\u0171r\u0171 sz\u00f6v\u00e9s, \u00e9l\u00e9nk, csillog\u00f3 sz\u00ednek, strapab\u00edr\u00f3 \u00e9s st\u00edlusos. M\u00e9rete: 56 x 91 cm. T\u00f6k\u00e9letes kieg\u00e9sz\u00edt\u0151 a lovas felszerel\u00e9sedhez.","breadcrumb":{"@id":"https:\/\/royalequvito.com\/termek\/royal-equvito-glimmer-vanil-strawberry-showpad-elenk-csillogo-uj-zelandi-gyapju\/#breadcrumb"},"inLanguage":"en-US","potentialAction":[{"@type":"ReadAction","target":["https:\/\/royalequvito.com\/termek\/royal-equvito-glimmer-vanil-strawberry-showpad-elenk-csillogo-uj-zelandi-gyapju\/"]}]},{"@type":"ImageObject","inLanguage":"en-US","@id":"https:\/\/royalequvito.com\/termek\/royal-equvito-glimmer-vanil-strawberry-showpad-elenk-csillogo-uj-zelandi-gyapju\/#primaryimage","url":"https:\/\/royalequvito.com\/wp-content\/uploads\/2025\/02\/Nevtelen-terv-4.png","contentUrl":"https:\/\/royalequvito.com\/wp-content\/uploads\/2025\/02\/Nevtelen-terv-4.png","width":1080,"height":1080},{"@type":"BreadcrumbList","@id":"https:\/\/royalequvito.com\/termek\/royal-equvito-glimmer-vanil-strawberry-showpad-elenk-csillogo-uj-zelandi-gyapju\/#breadcrumb","itemListElement":[{"@type":"ListItem","position":1,"name":"Kezd\u0151lap","item":"https:\/\/royalequvito.com\/"},{"@type":"ListItem","position":2,"name":"Shop","item":"https:\/\/royalequvito.com\/shop\/"},{"@type":"ListItem","position":3,"name":"GLIMMER VANIL STRAWBERRY showpad"}]},{"@type":"WebSite","@id":"https:\/\/royalequvito.com\/#website","url":"https:\/\/royalequvito.com\/","name":"Royal Equvito","description":"Royal Quality For Your Horse","publisher":{"@id":"https:\/\/royalequvito.com\/#organization"},"potentialAction":[{"@type":"SearchAction","target":{"@type":"EntryPoint","urlTemplate":"https:\/\/royalequvito.com\/?s={search_term_string}"},"query-input":{"@type":"PropertyValueSpecification","valueRequired":true,"valueName":"search_term_string"}}],"inLanguage":"en-US"},{"@type":"Organization","@id":"https:\/\/royalequvito.com\/#organization","name":"Royal Equvito","url":"https:\/\/royalequvito.com\/","logo":{"@type":"ImageObject","inLanguage":"en-US","@id":"https:\/\/royalequvito.com\/#\/schema\/logo\/image\/","url":"https:\/\/royalequvito.com\/wp-content\/uploads\/2025\/11\/cropped-ChatGPT-Image-2025.-nov.-20.-11_08_48.png","contentUrl":"https:\/\/royalequvito.com\/wp-content\/uploads\/2025\/11\/cropped-ChatGPT-Image-2025.-nov.-20.-11_08_48.png","width":1021,"height":1022,"caption":"Royal Equvito"},"image":{"@id":"https:\/\/royalequvito.com\/#\/schema\/logo\/image\/"}}]}},"uagb_featured_image_src":{"full":["https:\/\/royalequvito.com\/wp-content\/uploads\/2025\/02\/Nevtelen-terv-4.png",1080,1080,false],"thumbnail":["https:\/\/royalequvito.com\/wp-content\/uploads\/2025\/02\/Nevtelen-terv-4-150x150.png",150,150,true],"medium":["https:\/\/royalequvito.com\/wp-content\/uploads\/2025\/02\/Nevtelen-terv-4-300x300.png",300,300,true],"medium_large":["https:\/\/royalequvito.com\/wp-content\/uploads\/2025\/02\/Nevtelen-terv-4-768x768.png",768,768,true],"large":["https:\/\/royalequvito.com\/wp-content\/uploads\/2025\/02\/Nevtelen-terv-4-1024x1024.png",1024,1024,true],"1536x1536":["https:\/\/royalequvito.com\/wp-content\/uploads\/2025\/02\/Nevtelen-terv-4.png",1080,1080,false],"2048x2048":["https:\/\/royalequvito.com\/wp-content\/uploads\/2025\/02\/Nevtelen-terv-4.png",1080,1080,false],"trp-custom-language-flag":["https:\/\/royalequvito.com\/wp-content\/uploads\/2025\/02\/Nevtelen-terv-4.png",12,12,false],"woocommerce_thumbnail":["https:\/\/royalequvito.com\/wp-content\/uploads\/2025\/02\/Nevtelen-terv-4-300x300.png",300,300,true],"woocommerce_single":["https:\/\/royalequvito.com\/wp-content\/uploads\/2025\/02\/Nevtelen-terv-4-600x600.png",600,600,true],"woocommerce_gallery_thumbnail":["https:\/\/royalequvito.com\/wp-content\/uploads\/2025\/02\/Nevtelen-terv-4-100x100.png",100,100,true]},"uagb_author_info":{"display_name":"Royal Equvito","author_link":"https:\/\/royalequvito.com\/en\/author\/"},"uagb_comment_info":0,"uagb_excerpt":"EL\u0150RENDELHET\u0150 TERM\u00c9K &nbsp; Glimmer Vanil Strawberry showpad Kiv\u00e1l\u00f3 alapanyagb\u00f3l k\u00e9sz\u00fcl, ennek k\u00f6sz\u00f6nhet\u0151en rendk\u00edv\u00fcl strapab\u00edr\u00f3. Er\u0151teljes, \u00e9l\u00e9nk sz\u00edneinek \u2013 \u00e9s k\u00fcl\u00f6n\u00f6sen a csillog\u00f3 modelleknek \u2013 k\u00f6sz\u00f6nhet\u0151en m\u00e1r messzir\u0151l kit\u0171nik a t\u00f6megb\u0151l. &nbsp; *El\u0151rendelhet\u0151 term\u00e9kek, 2-3 h\u00e9t \u00e1tfut\u00e1si id\u0151","_links":{"self":[{"href":"https:\/\/royalequvito.com\/en\/wp-json\/wp\/v2\/product\/9344","targetHints":{"allow":["GET"]}}],"collection":[{"href":"https:\/\/royalequvito.com\/en\/wp-json\/wp\/v2\/product"}],"about":[{"href":"https:\/\/royalequvito.com\/en\/wp-json\/wp\/v2\/types\/product"}],"replies":[{"embeddable":true,"href":"https:\/\/royalequvito.com\/en\/wp-json\/wp\/v2\/comments?post=9344"}],"wp:featuredmedia":[{"embeddable":true,"href":"https:\/\/royalequvito.com\/en\/wp-json\/wp\/v2\/media\/9345"}],"wp:attachment":[{"href":"https:\/\/royalequvito.com\/en\/wp-json\/wp\/v2\/media?parent=9344"}],"wp:term":[{"taxonomy":"product_brand","embeddable":true,"href":"https:\/\/royalequvito.com\/en\/wp-json\/wp\/v2\/product_brand?post=9344"},{"taxonomy":"product_cat","embeddable":true,"href":"https:\/\/royalequvito.com\/en\/wp-json\/wp\/v2\/product_cat?post=9344"},{"taxonomy":"product_tag","embeddable":true,"href":"https:\/\/royalequvito.com\/en\/wp-json\/wp\/v2\/product_tag?post=9344"}],"curies":[{"name":"wp","href":"https:\/\/api.w.org\/{rel}","templated":true}]}}