{"id":9443,"date":"2025-05-20T12:02:57","date_gmt":"2025-05-20T12:02:57","guid":{"rendered":"https:\/\/theroyalwebshop.hu\/?post_type=product&#038;p=9443"},"modified":"2026-02-02T17:29:48","modified_gmt":"2026-02-02T17:29:48","slug":"royal-equvito-mystery-moonlight-fulvedo-elegans-fekete-csillogo-reszletekkel","status":"publish","type":"product","link":"https:\/\/royalequvito.com\/en\/product\/royal-equvito-mystery-moonlight-fulvedo-elegans-fekete-csillogo-reszletekkel\/","title":{"rendered":"Mystery Moonlight  ear bonnet"},"content":{"rendered":"<p><strong>Product Details &amp; Care<\/strong><\/p>\n<p class=\"translation-block\"><strong>Color<\/strong>: Black<\/p>\n<p><strong>D\u00edsz bet\u00e9t sz\u00edn<\/strong>: feh\u00e9r-s\u00f6t\u00e9tsz\u00fcrke sz\u00edn\u00e1tmenet<\/p>\n<p class=\"translation-block\"><strong>Piping Color<\/strong>: black<\/p>\n<p class=\"translation-block\"><strong>Ear section<\/strong>: Black<\/p>\n<p class=\"translation-block\"><strong>Metal Logo Color<\/strong>: silver<\/p>\n<p class=\"translation-block\"><strong>Material:<\/strong> 100% polyester \u2013 hand-knitted; Ears: spandex (stretchable); Decorative insert: polyester with printed glitter<\/p>\n<p>&nbsp;<\/p>\n<p><strong>Care Guide:<\/strong><\/p>\n<ul>\n<li class=\"cvGsUA direction-ltr align-start para-style-body\"><span class=\"OYPEnA font-feature-liga-off font-feature-clig-off font-feature-calt-off text-decoration-none text-strikethrough-none\">Wash at a maximum of 30\u00b0C.<\/span><\/li>\n<li class=\"cvGsUA direction-ltr align-start para-style-body\"><span class=\"OYPEnA font-feature-liga-off font-feature-clig-off font-feature-calt-off text-decoration-none text-strikethrough-none\">Use minimal detergent\/softener.<\/span><\/li>\n<li class=\"cvGsUA direction-ltr align-start para-style-body\"><span class=\"OYPEnA font-feature-liga-off font-feature-clig-off font-feature-calt-off text-decoration-none text-strikethrough-none\">The use of powder detergent is not recommended!<\/span><\/li>\n<li class=\"cvGsUA direction-ltr align-start para-style-body\"><span class=\"OYPEnA font-feature-liga-off font-feature-clig-off font-feature-calt-off text-decoration-none text-strikethrough-none\">Not suitable for tumble drying!<\/span><\/li>\n<li class=\"cvGsUA direction-ltr align-start para-style-body\"><span class=\"OYPEnA font-feature-liga-off font-feature-clig-off font-feature-calt-off text-decoration-none text-strikethrough-none\">Do not iron!<\/span><\/li>\n<\/ul>","protected":false},"excerpt":{"rendered":"<p>Elegant, tightly crocheted black ear bonnet with glittery details, a white-gray gradient, black decorative cord, and a silver metal logo.<\/p>\n<p>Provides full protection against insects. The ear section is made of elastic material for extra comfort.<\/p>\n<p>&nbsp;<\/p>\n<p>Combine it with the other pieces from the Mystery Moonlight collection for full sparkle.<\/p>\n<p>&nbsp;<\/p>\n<p><strong><span style=\"color: #000000;\"><a style=\"color: #000000;\" href=\"https:\/\/royalequvito.com\/en\/royal-equvito-size-guide\/\">size chart<\/a><\/span><\/strong><\/p>","protected":false},"featured_media":9637,"comment_status":"open","ping_status":"closed","template":"","meta":{"_uag_custom_page_level_css":"","site-sidebar-layout":"default","site-content-layout":"","ast-site-content-layout":"default","site-content-style":"default","site-sidebar-style":"default","ast-global-header-display":"","ast-banner-title-visibility":"","ast-main-header-display":"","ast-hfb-above-header-display":"","ast-hfb-below-header-display":"","ast-hfb-mobile-header-display":"","site-post-title":"","ast-breadcrumbs-content":"","ast-featured-img":"","footer-sml-layout":"","theme-transparent-header-meta":"default","adv-header-id-meta":"","stick-header-meta":"","header-above-stick-meta":"","header-main-stick-meta":"","header-below-stick-meta":"","astra-migrate-meta-layouts":"set","ast-page-background-enabled":"default","ast-page-background-meta":{"desktop":{"background-color":"var(--ast-global-color-4)","background-image":"","background-repeat":"repeat","background-position":"center center","background-size":"auto","background-attachment":"scroll","background-type":"","background-media":"","overlay-type":"","overlay-color":"","overlay-opacity":"","overlay-gradient":""},"tablet":{"background-color":"","background-image":"","background-repeat":"repeat","background-position":"center center","background-size":"auto","background-attachment":"scroll","background-type":"","background-media":"","overlay-type":"","overlay-color":"","overlay-opacity":"","overlay-gradient":""},"mobile":{"background-color":"","background-image":"","background-repeat":"repeat","background-position":"center center","background-size":"auto","background-attachment":"scroll","background-type":"","background-media":"","overlay-type":"","overlay-color":"","overlay-opacity":"","overlay-gradient":""}},"ast-content-background-meta":{"desktop":{"background-color":"var(--ast-global-color-5)","background-image":"","background-repeat":"repeat","background-position":"center center","background-size":"auto","background-attachment":"scroll","background-type":"","background-media":"","overlay-type":"","overlay-color":"","overlay-opacity":"","overlay-gradient":""},"tablet":{"background-color":"var(--ast-global-color-5)","background-image":"","background-repeat":"repeat","background-position":"center center","background-size":"auto","background-attachment":"scroll","background-type":"","background-media":"","overlay-type":"","overlay-color":"","overlay-opacity":"","overlay-gradient":""},"mobile":{"background-color":"var(--ast-global-color-5)","background-image":"","background-repeat":"repeat","background-position":"center center","background-size":"auto","background-attachment":"scroll","background-type":"","background-media":"","overlay-type":"","overlay-color":"","overlay-opacity":"","overlay-gradient":""}},"iawp_total_views":74},"product_brand":[],"product_cat":[261],"product_tag":[],"class_list":{"0":"post-9443","1":"product","2":"type-product","3":"status-publish","4":"has-post-thumbnail","6":"product_cat-fulvedok","7":"pa_meret-cob","8":"pa_meret-full","9":"desktop-align-left","10":"tablet-align-left","11":"mobile-align-left","13":"first","14":"instock","15":"shipping-taxable","16":"purchasable","17":"product-type-variable"},"yoast_head":"<!-- This site is optimized with the Yoast SEO plugin v26.2 - https:\/\/yoast.com\/wordpress\/plugins\/seo\/ -->\n<title>Mystery Moonlight F\u00fclv\u00e9d\u0151 - Royal Equvito<\/title>\n<meta name=\"description\" content=\"Fedezd fel a Royal Equvito Mystery Moonlight f\u00fclv\u00e9d\u0151t! Eleg\u00e1ns fekete f\u00fclv\u00e9d\u0151 feh\u00e9r-sz\u00fcrke sz\u00edn\u00e1tmenettel, glitteres r\u00e9szletekkel \u00e9s ez\u00fcst log\u00f3val. Teljes v\u00e9delem rovarok ellen, k\u00e9nyelmes spandex f\u00fclr\u00e9sz, kombin\u00e1ld a kollekci\u00f3 t\u00f6bbi darabj\u00e1val a teljes csillog\u00e1s\u00e9rt.\" \/>\n<meta name=\"robots\" content=\"index, follow, max-snippet:-1, max-image-preview:large, max-video-preview:-1\" \/>\n<link rel=\"canonical\" href=\"https:\/\/royalequvito.com\/en\/product\/royal-equvito-mystery-moonlight-fulvedo-elegans-fekete-csillogo-reszletekkel\/\" \/>\n<meta property=\"og:locale\" content=\"en_US\" \/>\n<meta property=\"og:type\" content=\"article\" \/>\n<meta property=\"og:title\" content=\"Mystery Moonlight F\u00fclv\u00e9d\u0151 - Royal Equvito\" \/>\n<meta property=\"og:description\" content=\"Fedezd fel a Royal Equvito Mystery Moonlight f\u00fclv\u00e9d\u0151t! Eleg\u00e1ns fekete f\u00fclv\u00e9d\u0151 feh\u00e9r-sz\u00fcrke sz\u00edn\u00e1tmenettel, glitteres r\u00e9szletekkel \u00e9s ez\u00fcst log\u00f3val. Teljes v\u00e9delem rovarok ellen, k\u00e9nyelmes spandex f\u00fclr\u00e9sz, kombin\u00e1ld a kollekci\u00f3 t\u00f6bbi darabj\u00e1val a teljes csillog\u00e1s\u00e9rt.\" \/>\n<meta property=\"og:url\" content=\"https:\/\/royalequvito.com\/en\/product\/royal-equvito-mystery-moonlight-fulvedo-elegans-fekete-csillogo-reszletekkel\/\" \/>\n<meta property=\"og:site_name\" content=\"Royal Equvito\" \/>\n<meta property=\"article:modified_time\" content=\"2026-02-02T17:29:48+00:00\" \/>\n<meta property=\"og:image\" content=\"https:\/\/royalequvito.com\/wp-content\/uploads\/2025\/05\/Nevtelen-terv-3-1024x1024.png\" \/>\n\t<meta property=\"og:image:width\" content=\"1024\" \/>\n\t<meta property=\"og:image:height\" content=\"1024\" \/>\n\t<meta property=\"og:image:type\" content=\"image\/png\" \/>\n<meta name=\"twitter:card\" content=\"summary_large_image\" \/>\n<meta name=\"twitter:label1\" content=\"Est. reading time\" \/>\n\t<meta name=\"twitter:data1\" content=\"1 minute\" \/>\n<script type=\"application\/ld+json\" class=\"yoast-schema-graph\">{\"@context\":\"https:\/\/schema.org\",\"@graph\":[{\"@type\":\"WebPage\",\"@id\":\"https:\/\/royalequvito.com\/termek\/royal-equvito-mystery-moonlight-fulvedo-elegans-fekete-csillogo-reszletekkel\/\",\"url\":\"https:\/\/royalequvito.com\/termek\/royal-equvito-mystery-moonlight-fulvedo-elegans-fekete-csillogo-reszletekkel\/\",\"name\":\"Mystery Moonlight F\u00fclv\u00e9d\u0151 - Royal Equvito\",\"isPartOf\":{\"@id\":\"https:\/\/royalequvito.com\/#website\"},\"primaryImageOfPage\":{\"@id\":\"https:\/\/royalequvito.com\/termek\/royal-equvito-mystery-moonlight-fulvedo-elegans-fekete-csillogo-reszletekkel\/#primaryimage\"},\"image\":{\"@id\":\"https:\/\/royalequvito.com\/termek\/royal-equvito-mystery-moonlight-fulvedo-elegans-fekete-csillogo-reszletekkel\/#primaryimage\"},\"thumbnailUrl\":\"https:\/\/royalequvito.com\/wp-content\/uploads\/2025\/05\/Nevtelen-terv-3.png\",\"datePublished\":\"2025-05-20T12:02:57+00:00\",\"dateModified\":\"2026-02-02T17:29:48+00:00\",\"description\":\"Fedezd fel a Royal Equvito Mystery Moonlight f\u00fclv\u00e9d\u0151t! Eleg\u00e1ns fekete f\u00fclv\u00e9d\u0151 feh\u00e9r-sz\u00fcrke sz\u00edn\u00e1tmenettel, glitteres r\u00e9szletekkel \u00e9s ez\u00fcst log\u00f3val. Teljes v\u00e9delem rovarok ellen, k\u00e9nyelmes spandex f\u00fclr\u00e9sz, kombin\u00e1ld a kollekci\u00f3 t\u00f6bbi darabj\u00e1val a teljes csillog\u00e1s\u00e9rt.\",\"breadcrumb\":{\"@id\":\"https:\/\/royalequvito.com\/termek\/royal-equvito-mystery-moonlight-fulvedo-elegans-fekete-csillogo-reszletekkel\/#breadcrumb\"},\"inLanguage\":\"en-US\",\"potentialAction\":[{\"@type\":\"ReadAction\",\"target\":[\"https:\/\/royalequvito.com\/termek\/royal-equvito-mystery-moonlight-fulvedo-elegans-fekete-csillogo-reszletekkel\/\"]}]},{\"@type\":\"ImageObject\",\"inLanguage\":\"en-US\",\"@id\":\"https:\/\/royalequvito.com\/termek\/royal-equvito-mystery-moonlight-fulvedo-elegans-fekete-csillogo-reszletekkel\/#primaryimage\",\"url\":\"https:\/\/royalequvito.com\/wp-content\/uploads\/2025\/05\/Nevtelen-terv-3.png\",\"contentUrl\":\"https:\/\/royalequvito.com\/wp-content\/uploads\/2025\/05\/Nevtelen-terv-3.png\",\"width\":1080,\"height\":1080},{\"@type\":\"BreadcrumbList\",\"@id\":\"https:\/\/royalequvito.com\/termek\/royal-equvito-mystery-moonlight-fulvedo-elegans-fekete-csillogo-reszletekkel\/#breadcrumb\",\"itemListElement\":[{\"@type\":\"ListItem\",\"position\":1,\"name\":\"Kezd\u0151lap\",\"item\":\"https:\/\/royalequvito.com\/\"},{\"@type\":\"ListItem\",\"position\":2,\"name\":\"Shop\",\"item\":\"https:\/\/royalequvito.com\/shop\/\"},{\"@type\":\"ListItem\",\"position\":3,\"name\":\"Mystery Moonlight F\u00fclv\u00e9d\u0151\"}]},{\"@type\":\"WebSite\",\"@id\":\"https:\/\/royalequvito.com\/#website\",\"url\":\"https:\/\/royalequvito.com\/\",\"name\":\"Royal Equvito\",\"description\":\"Royal Quality For Your Horse\",\"publisher\":{\"@id\":\"https:\/\/royalequvito.com\/#organization\"},\"potentialAction\":[{\"@type\":\"SearchAction\",\"target\":{\"@type\":\"EntryPoint\",\"urlTemplate\":\"https:\/\/royalequvito.com\/?s={search_term_string}\"},\"query-input\":{\"@type\":\"PropertyValueSpecification\",\"valueRequired\":true,\"valueName\":\"search_term_string\"}}],\"inLanguage\":\"en-US\"},{\"@type\":\"Organization\",\"@id\":\"https:\/\/royalequvito.com\/#organization\",\"name\":\"Royal Equvito\",\"url\":\"https:\/\/royalequvito.com\/\",\"logo\":{\"@type\":\"ImageObject\",\"inLanguage\":\"en-US\",\"@id\":\"https:\/\/royalequvito.com\/#\/schema\/logo\/image\/\",\"url\":\"https:\/\/royalequvito.com\/wp-content\/uploads\/2025\/11\/cropped-ChatGPT-Image-2025.-nov.-20.-11_08_48.png\",\"contentUrl\":\"https:\/\/royalequvito.com\/wp-content\/uploads\/2025\/11\/cropped-ChatGPT-Image-2025.-nov.-20.-11_08_48.png\",\"width\":1021,\"height\":1022,\"caption\":\"Royal Equvito\"},\"image\":{\"@id\":\"https:\/\/royalequvito.com\/#\/schema\/logo\/image\/\"}}]}<\/script>\n<!-- \/ Yoast SEO plugin. -->","yoast_head_json":{"title":"Mystery Moonlight F\u00fclv\u00e9d\u0151 - Royal Equvito","description":"Fedezd fel a Royal Equvito Mystery Moonlight f\u00fclv\u00e9d\u0151t! Eleg\u00e1ns fekete f\u00fclv\u00e9d\u0151 feh\u00e9r-sz\u00fcrke sz\u00edn\u00e1tmenettel, glitteres r\u00e9szletekkel \u00e9s ez\u00fcst log\u00f3val. Teljes v\u00e9delem rovarok ellen, k\u00e9nyelmes spandex f\u00fclr\u00e9sz, kombin\u00e1ld a kollekci\u00f3 t\u00f6bbi darabj\u00e1val a teljes csillog\u00e1s\u00e9rt.","robots":{"index":"index","follow":"follow","max-snippet":"max-snippet:-1","max-image-preview":"max-image-preview:large","max-video-preview":"max-video-preview:-1"},"canonical":"https:\/\/royalequvito.com\/en\/product\/royal-equvito-mystery-moonlight-fulvedo-elegans-fekete-csillogo-reszletekkel\/","og_locale":"en_US","og_type":"article","og_title":"Mystery Moonlight F\u00fclv\u00e9d\u0151 - Royal Equvito","og_description":"Fedezd fel a Royal Equvito Mystery Moonlight f\u00fclv\u00e9d\u0151t! Eleg\u00e1ns fekete f\u00fclv\u00e9d\u0151 feh\u00e9r-sz\u00fcrke sz\u00edn\u00e1tmenettel, glitteres r\u00e9szletekkel \u00e9s ez\u00fcst log\u00f3val. Teljes v\u00e9delem rovarok ellen, k\u00e9nyelmes spandex f\u00fclr\u00e9sz, kombin\u00e1ld a kollekci\u00f3 t\u00f6bbi darabj\u00e1val a teljes csillog\u00e1s\u00e9rt.","og_url":"https:\/\/royalequvito.com\/en\/product\/royal-equvito-mystery-moonlight-fulvedo-elegans-fekete-csillogo-reszletekkel\/","og_site_name":"Royal Equvito","article_modified_time":"2026-02-02T17:29:48+00:00","og_image":[{"width":1024,"height":1024,"url":"https:\/\/royalequvito.com\/wp-content\/uploads\/2025\/05\/Nevtelen-terv-3-1024x1024.png","type":"image\/png"}],"twitter_card":"summary_large_image","twitter_misc":{"Est. reading time":"1 minute"},"schema":{"@context":"https:\/\/schema.org","@graph":[{"@type":"WebPage","@id":"https:\/\/royalequvito.com\/termek\/royal-equvito-mystery-moonlight-fulvedo-elegans-fekete-csillogo-reszletekkel\/","url":"https:\/\/royalequvito.com\/termek\/royal-equvito-mystery-moonlight-fulvedo-elegans-fekete-csillogo-reszletekkel\/","name":"Mystery Moonlight F\u00fclv\u00e9d\u0151 - Royal Equvito","isPartOf":{"@id":"https:\/\/royalequvito.com\/#website"},"primaryImageOfPage":{"@id":"https:\/\/royalequvito.com\/termek\/royal-equvito-mystery-moonlight-fulvedo-elegans-fekete-csillogo-reszletekkel\/#primaryimage"},"image":{"@id":"https:\/\/royalequvito.com\/termek\/royal-equvito-mystery-moonlight-fulvedo-elegans-fekete-csillogo-reszletekkel\/#primaryimage"},"thumbnailUrl":"https:\/\/royalequvito.com\/wp-content\/uploads\/2025\/05\/Nevtelen-terv-3.png","datePublished":"2025-05-20T12:02:57+00:00","dateModified":"2026-02-02T17:29:48+00:00","description":"Fedezd fel a Royal Equvito Mystery Moonlight f\u00fclv\u00e9d\u0151t! Eleg\u00e1ns fekete f\u00fclv\u00e9d\u0151 feh\u00e9r-sz\u00fcrke sz\u00edn\u00e1tmenettel, glitteres r\u00e9szletekkel \u00e9s ez\u00fcst log\u00f3val. Teljes v\u00e9delem rovarok ellen, k\u00e9nyelmes spandex f\u00fclr\u00e9sz, kombin\u00e1ld a kollekci\u00f3 t\u00f6bbi darabj\u00e1val a teljes csillog\u00e1s\u00e9rt.","breadcrumb":{"@id":"https:\/\/royalequvito.com\/termek\/royal-equvito-mystery-moonlight-fulvedo-elegans-fekete-csillogo-reszletekkel\/#breadcrumb"},"inLanguage":"en-US","potentialAction":[{"@type":"ReadAction","target":["https:\/\/royalequvito.com\/termek\/royal-equvito-mystery-moonlight-fulvedo-elegans-fekete-csillogo-reszletekkel\/"]}]},{"@type":"ImageObject","inLanguage":"en-US","@id":"https:\/\/royalequvito.com\/termek\/royal-equvito-mystery-moonlight-fulvedo-elegans-fekete-csillogo-reszletekkel\/#primaryimage","url":"https:\/\/royalequvito.com\/wp-content\/uploads\/2025\/05\/Nevtelen-terv-3.png","contentUrl":"https:\/\/royalequvito.com\/wp-content\/uploads\/2025\/05\/Nevtelen-terv-3.png","width":1080,"height":1080},{"@type":"BreadcrumbList","@id":"https:\/\/royalequvito.com\/termek\/royal-equvito-mystery-moonlight-fulvedo-elegans-fekete-csillogo-reszletekkel\/#breadcrumb","itemListElement":[{"@type":"ListItem","position":1,"name":"Kezd\u0151lap","item":"https:\/\/royalequvito.com\/"},{"@type":"ListItem","position":2,"name":"Shop","item":"https:\/\/royalequvito.com\/shop\/"},{"@type":"ListItem","position":3,"name":"Mystery Moonlight F\u00fclv\u00e9d\u0151"}]},{"@type":"WebSite","@id":"https:\/\/royalequvito.com\/#website","url":"https:\/\/royalequvito.com\/","name":"Royal Equvito","description":"Royal Quality For Your Horse","publisher":{"@id":"https:\/\/royalequvito.com\/#organization"},"potentialAction":[{"@type":"SearchAction","target":{"@type":"EntryPoint","urlTemplate":"https:\/\/royalequvito.com\/?s={search_term_string}"},"query-input":{"@type":"PropertyValueSpecification","valueRequired":true,"valueName":"search_term_string"}}],"inLanguage":"en-US"},{"@type":"Organization","@id":"https:\/\/royalequvito.com\/#organization","name":"Royal Equvito","url":"https:\/\/royalequvito.com\/","logo":{"@type":"ImageObject","inLanguage":"en-US","@id":"https:\/\/royalequvito.com\/#\/schema\/logo\/image\/","url":"https:\/\/royalequvito.com\/wp-content\/uploads\/2025\/11\/cropped-ChatGPT-Image-2025.-nov.-20.-11_08_48.png","contentUrl":"https:\/\/royalequvito.com\/wp-content\/uploads\/2025\/11\/cropped-ChatGPT-Image-2025.-nov.-20.-11_08_48.png","width":1021,"height":1022,"caption":"Royal Equvito"},"image":{"@id":"https:\/\/royalequvito.com\/#\/schema\/logo\/image\/"}}]}},"uagb_featured_image_src":{"full":["https:\/\/royalequvito.com\/wp-content\/uploads\/2025\/05\/Nevtelen-terv-3.png",1080,1080,false],"thumbnail":["https:\/\/royalequvito.com\/wp-content\/uploads\/2025\/05\/Nevtelen-terv-3-150x150.png",150,150,true],"medium":["https:\/\/royalequvito.com\/wp-content\/uploads\/2025\/05\/Nevtelen-terv-3-300x300.png",300,300,true],"medium_large":["https:\/\/royalequvito.com\/wp-content\/uploads\/2025\/05\/Nevtelen-terv-3-768x768.png",768,768,true],"large":["https:\/\/royalequvito.com\/wp-content\/uploads\/2025\/05\/Nevtelen-terv-3-1024x1024.png",1024,1024,true],"1536x1536":["https:\/\/royalequvito.com\/wp-content\/uploads\/2025\/05\/Nevtelen-terv-3.png",1080,1080,false],"2048x2048":["https:\/\/royalequvito.com\/wp-content\/uploads\/2025\/05\/Nevtelen-terv-3.png",1080,1080,false],"trp-custom-language-flag":["https:\/\/royalequvito.com\/wp-content\/uploads\/2025\/05\/Nevtelen-terv-3.png",12,12,false],"woocommerce_thumbnail":["https:\/\/royalequvito.com\/wp-content\/uploads\/2025\/05\/Nevtelen-terv-3-300x300.png",300,300,true],"woocommerce_single":["https:\/\/royalequvito.com\/wp-content\/uploads\/2025\/05\/Nevtelen-terv-3-600x600.png",600,600,true],"woocommerce_gallery_thumbnail":["https:\/\/royalequvito.com\/wp-content\/uploads\/2025\/05\/Nevtelen-terv-3-100x100.png",100,100,true]},"uagb_author_info":{"display_name":"Royal Equvito","author_link":"https:\/\/royalequvito.com\/en\/author\/"},"uagb_comment_info":0,"uagb_excerpt":"Eleg\u00e1ns megjelen\u00e9s\u0171, szorosan horgolt fekete f\u00fclv\u00e9d\u0151. Glitteres r\u00e9szletekkel, feh\u00e9r-sz\u00fcrke sz\u00edn\u00e1tmenettel, fekete d\u00edsz zsin\u00f3rral \u00e9s ez\u00fcst sz\u00edn\u0171 f\u00e9m log\u00f3val. Teljes m\u00e9rt\u00e9kben v\u00e9d a rovarok ellen. A f\u00fcl r\u00e9sz elasztikus anyagb\u00f3l k\u00e9sz\u00fclt az extra k\u00e9nyelem \u00e9rdek\u00e9ben. &nbsp; Kombin\u00e1ld a Mystery Moonlight kollekci\u00f3 t\u00f6bbi darabj\u00e1val a teljes csillog\u00e1s\u00e9rt. &nbsp; M\u00e9retek","_links":{"self":[{"href":"https:\/\/royalequvito.com\/en\/wp-json\/wp\/v2\/product\/9443","targetHints":{"allow":["GET"]}}],"collection":[{"href":"https:\/\/royalequvito.com\/en\/wp-json\/wp\/v2\/product"}],"about":[{"href":"https:\/\/royalequvito.com\/en\/wp-json\/wp\/v2\/types\/product"}],"replies":[{"embeddable":true,"href":"https:\/\/royalequvito.com\/en\/wp-json\/wp\/v2\/comments?post=9443"}],"wp:featuredmedia":[{"embeddable":true,"href":"https:\/\/royalequvito.com\/en\/wp-json\/wp\/v2\/media\/9637"}],"wp:attachment":[{"href":"https:\/\/royalequvito.com\/en\/wp-json\/wp\/v2\/media?parent=9443"}],"wp:term":[{"taxonomy":"product_brand","embeddable":true,"href":"https:\/\/royalequvito.com\/en\/wp-json\/wp\/v2\/product_brand?post=9443"},{"taxonomy":"product_cat","embeddable":true,"href":"https:\/\/royalequvito.com\/en\/wp-json\/wp\/v2\/product_cat?post=9443"},{"taxonomy":"product_tag","embeddable":true,"href":"https:\/\/royalequvito.com\/en\/wp-json\/wp\/v2\/product_tag?post=9443"}],"curies":[{"name":"wp","href":"https:\/\/api.w.org\/{rel}","templated":true}]}}