{"id":9586,"date":"2025-05-07T10:08:10","date_gmt":"2025-05-07T10:08:10","guid":{"rendered":"https:\/\/theroyalwebshop.hu\/?post_type=product&#038;p=9586"},"modified":"2026-03-10T19:07:11","modified_gmt":"2026-03-10T19:07:11","slug":"royal-equvito-mystery-moonlight-kotofek-elegans-szurke-muszorme-reszletekkel","status":"publish","type":"product","link":"https:\/\/royalequvito.com\/en\/product\/royal-equvito-mystery-moonlight-kotofek-elegans-szurke-muszorme-reszletekkel\/","title":{"rendered":"Mystery Moonlight Halter"},"content":{"rendered":"<p><strong>Product Details &amp; Care<\/strong><\/p>\n<p class=\"translation-block\"><strong>Color<\/strong>: Grey<\/p>\n<p class=\"translation-block\"><strong>Faux fur color<\/strong>: Grey<\/p>\n<p class=\"translation-block\"><strong>Metal Logo Color<\/strong>: silver<\/p>\n<p class=\"translation-block\"><strong>Material:<\/strong> Polypropylene, faux fur, high-quality zinc metal carabiners<\/p>\n<p>&nbsp;<\/p>\n<p><strong>Care Guide:<\/strong><\/p>\n<ul>\n<li><span class=\"OYPEnA font-feature-liga-off font-feature-clig-off font-feature-calt-off text-decoration-none text-strikethrough-none\">Hand wash recommended to protect the carabiners.<\/span><\/li>\n<\/ul>","protected":false},"excerpt":{"rendered":"<p>Rendk\u00edv\u00fcl eleg\u00e1ns sz\u00fcrke nylon k\u00f6t\u0151f\u00e9k, sz\u00ednben teljesen hozz\u00e1 ill\u0151 m\u0171sz\u0151rme r\u00e9szletekkel. A pofasz\u00edjakat\u00a0 sz\u00fcrke-fekete glitteres sz\u00edn\u00e1tmenet d\u00edsz\u00edti.A bal pofasz\u00edj k\u00f6zep\u00e9n egy ez\u00fcst sz\u00edn\u0171 grav\u00edrozott log\u00f3 tal\u00e1lhat\u00f3.Ez\u00fcst sz\u00edn\u0171 extra er\u0151s f\u00e9m elemeinek k\u00f6sz\u00f6nhet\u0151en strapab\u00edr\u00f3 \u00e9s biztons\u00e1gos.A f\u00e9m elemeket t\u00f6bb hely\u00e9n is log\u00f3 d\u00edsz\u00edti.<\/p>\n<p>&nbsp;<\/p>\n<p>Combine it with the other pieces from the Mystery Moonlight collection for full sparkle.<\/p>\n<p>&nbsp;<\/p>\n<p><strong><span style=\"color: #000000;\"><a style=\"color: #000000;\" href=\"https:\/\/royalequvito.com\/en\/royal-equvito-size-guide\/\">size chart<\/a><\/span><\/strong><\/p>","protected":false},"featured_media":9616,"comment_status":"open","ping_status":"closed","template":"","meta":{"_uag_custom_page_level_css":"","site-sidebar-layout":"default","site-content-layout":"","ast-site-content-layout":"default","site-content-style":"default","site-sidebar-style":"default","ast-global-header-display":"","ast-banner-title-visibility":"","ast-main-header-display":"","ast-hfb-above-header-display":"","ast-hfb-below-header-display":"","ast-hfb-mobile-header-display":"","site-post-title":"","ast-breadcrumbs-content":"","ast-featured-img":"","footer-sml-layout":"","theme-transparent-header-meta":"default","adv-header-id-meta":"","stick-header-meta":"","header-above-stick-meta":"","header-main-stick-meta":"","header-below-stick-meta":"","astra-migrate-meta-layouts":"set","ast-page-background-enabled":"default","ast-page-background-meta":{"desktop":{"background-color":"var(--ast-global-color-4)","background-image":"","background-repeat":"repeat","background-position":"center center","background-size":"auto","background-attachment":"scroll","background-type":"","background-media":"","overlay-type":"","overlay-color":"","overlay-opacity":"","overlay-gradient":""},"tablet":{"background-color":"","background-image":"","background-repeat":"repeat","background-position":"center center","background-size":"auto","background-attachment":"scroll","background-type":"","background-media":"","overlay-type":"","overlay-color":"","overlay-opacity":"","overlay-gradient":""},"mobile":{"background-color":"","background-image":"","background-repeat":"repeat","background-position":"center center","background-size":"auto","background-attachment":"scroll","background-type":"","background-media":"","overlay-type":"","overlay-color":"","overlay-opacity":"","overlay-gradient":""}},"ast-content-background-meta":{"desktop":{"background-color":"var(--ast-global-color-5)","background-image":"","background-repeat":"repeat","background-position":"center center","background-size":"auto","background-attachment":"scroll","background-type":"","background-media":"","overlay-type":"","overlay-color":"","overlay-opacity":"","overlay-gradient":""},"tablet":{"background-color":"var(--ast-global-color-5)","background-image":"","background-repeat":"repeat","background-position":"center center","background-size":"auto","background-attachment":"scroll","background-type":"","background-media":"","overlay-type":"","overlay-color":"","overlay-opacity":"","overlay-gradient":""},"mobile":{"background-color":"var(--ast-global-color-5)","background-image":"","background-repeat":"repeat","background-position":"center center","background-size":"auto","background-attachment":"scroll","background-type":"","background-media":"","overlay-type":"","overlay-color":"","overlay-opacity":"","overlay-gradient":""}},"iawp_total_views":66},"product_brand":[],"product_cat":[260],"product_tag":[],"class_list":{"0":"post-9586","1":"product","2":"type-product","3":"status-publish","4":"has-post-thumbnail","6":"product_cat-kotofek-es-vezetoszar","7":"pa_meret-cob","8":"pa_meret-full","9":"pa_meret-pony","10":"desktop-align-left","11":"tablet-align-left","12":"mobile-align-left","14":"first","15":"instock","16":"shipping-taxable","17":"purchasable","18":"product-type-variable"},"yoast_head":"<!-- This site is optimized with the Yoast SEO plugin v26.2 - https:\/\/yoast.com\/wordpress\/plugins\/seo\/ -->\n<title>Mystery Moonlight K\u00f6t\u0151f\u00e9k - Royal Equvito<\/title>\n<meta name=\"description\" content=\"Fedezd fel a Royal Equvito Mystery Moonlight k\u00f6t\u0151f\u00e9ket! Rendk\u00edv\u00fcl eleg\u00e1ns sz\u00fcrke nylon k\u00f6t\u0151f\u00e9k sz\u00fcrke-fekete glitteres pofasz\u00edj d\u00edsz\u00edt\u00e9ssel, ez\u00fcst log\u00f3val \u00e9s strapab\u00edr\u00f3 f\u00e9m elemekkel. Biztons\u00e1gos, praktikus \u00e9s st\u00edlusos kieg\u00e9sz\u00edt\u0151 a Mystery Moonlight kollekci\u00f3hoz.\" \/>\n<meta name=\"robots\" content=\"index, follow, max-snippet:-1, max-image-preview:large, max-video-preview:-1\" \/>\n<link rel=\"canonical\" href=\"https:\/\/royalequvito.com\/en\/product\/royal-equvito-mystery-moonlight-kotofek-elegans-szurke-muszorme-reszletekkel\/\" \/>\n<meta property=\"og:locale\" content=\"en_US\" \/>\n<meta property=\"og:type\" content=\"article\" \/>\n<meta property=\"og:title\" content=\"Mystery Moonlight K\u00f6t\u0151f\u00e9k - Royal Equvito\" \/>\n<meta property=\"og:description\" content=\"Fedezd fel a Royal Equvito Mystery Moonlight k\u00f6t\u0151f\u00e9ket! Rendk\u00edv\u00fcl eleg\u00e1ns sz\u00fcrke nylon k\u00f6t\u0151f\u00e9k sz\u00fcrke-fekete glitteres pofasz\u00edj d\u00edsz\u00edt\u00e9ssel, ez\u00fcst log\u00f3val \u00e9s strapab\u00edr\u00f3 f\u00e9m elemekkel. Biztons\u00e1gos, praktikus \u00e9s st\u00edlusos kieg\u00e9sz\u00edt\u0151 a Mystery Moonlight kollekci\u00f3hoz.\" \/>\n<meta property=\"og:url\" content=\"https:\/\/royalequvito.com\/en\/product\/royal-equvito-mystery-moonlight-kotofek-elegans-szurke-muszorme-reszletekkel\/\" \/>\n<meta property=\"og:site_name\" content=\"Royal Equvito\" \/>\n<meta property=\"article:modified_time\" content=\"2026-03-10T19:07:11+00:00\" \/>\n<meta property=\"og:image\" content=\"https:\/\/royalequvito.com\/wp-content\/uploads\/2025\/05\/DSC_3788-scaled.jpg\" \/>\n\t<meta property=\"og:image:width\" content=\"1707\" \/>\n\t<meta property=\"og:image:height\" content=\"2560\" \/>\n\t<meta property=\"og:image:type\" content=\"image\/jpeg\" \/>\n<meta name=\"twitter:card\" content=\"summary_large_image\" \/>\n<meta name=\"twitter:label1\" content=\"Est. reading time\" \/>\n\t<meta name=\"twitter:data1\" content=\"1 minute\" \/>\n<script type=\"application\/ld+json\" class=\"yoast-schema-graph\">{\"@context\":\"https:\/\/schema.org\",\"@graph\":[{\"@type\":\"WebPage\",\"@id\":\"https:\/\/royalequvito.com\/termek\/royal-equvito-mystery-moonlight-kotofek-elegans-szurke-muszorme-reszletekkel\/\",\"url\":\"https:\/\/royalequvito.com\/termek\/royal-equvito-mystery-moonlight-kotofek-elegans-szurke-muszorme-reszletekkel\/\",\"name\":\"Mystery Moonlight K\u00f6t\u0151f\u00e9k - Royal Equvito\",\"isPartOf\":{\"@id\":\"https:\/\/royalequvito.com\/#website\"},\"primaryImageOfPage\":{\"@id\":\"https:\/\/royalequvito.com\/termek\/royal-equvito-mystery-moonlight-kotofek-elegans-szurke-muszorme-reszletekkel\/#primaryimage\"},\"image\":{\"@id\":\"https:\/\/royalequvito.com\/termek\/royal-equvito-mystery-moonlight-kotofek-elegans-szurke-muszorme-reszletekkel\/#primaryimage\"},\"thumbnailUrl\":\"https:\/\/royalequvito.com\/wp-content\/uploads\/2025\/05\/DSC_3788-scaled.jpg\",\"datePublished\":\"2025-05-07T10:08:10+00:00\",\"dateModified\":\"2026-03-10T19:07:11+00:00\",\"description\":\"Fedezd fel a Royal Equvito Mystery Moonlight k\u00f6t\u0151f\u00e9ket! Rendk\u00edv\u00fcl eleg\u00e1ns sz\u00fcrke nylon k\u00f6t\u0151f\u00e9k sz\u00fcrke-fekete glitteres pofasz\u00edj d\u00edsz\u00edt\u00e9ssel, ez\u00fcst log\u00f3val \u00e9s strapab\u00edr\u00f3 f\u00e9m elemekkel. Biztons\u00e1gos, praktikus \u00e9s st\u00edlusos kieg\u00e9sz\u00edt\u0151 a Mystery Moonlight kollekci\u00f3hoz.\",\"breadcrumb\":{\"@id\":\"https:\/\/royalequvito.com\/termek\/royal-equvito-mystery-moonlight-kotofek-elegans-szurke-muszorme-reszletekkel\/#breadcrumb\"},\"inLanguage\":\"en-US\",\"potentialAction\":[{\"@type\":\"ReadAction\",\"target\":[\"https:\/\/royalequvito.com\/termek\/royal-equvito-mystery-moonlight-kotofek-elegans-szurke-muszorme-reszletekkel\/\"]}]},{\"@type\":\"ImageObject\",\"inLanguage\":\"en-US\",\"@id\":\"https:\/\/royalequvito.com\/termek\/royal-equvito-mystery-moonlight-kotofek-elegans-szurke-muszorme-reszletekkel\/#primaryimage\",\"url\":\"https:\/\/royalequvito.com\/wp-content\/uploads\/2025\/05\/DSC_3788-scaled.jpg\",\"contentUrl\":\"https:\/\/royalequvito.com\/wp-content\/uploads\/2025\/05\/DSC_3788-scaled.jpg\",\"width\":1707,\"height\":2560},{\"@type\":\"BreadcrumbList\",\"@id\":\"https:\/\/royalequvito.com\/termek\/royal-equvito-mystery-moonlight-kotofek-elegans-szurke-muszorme-reszletekkel\/#breadcrumb\",\"itemListElement\":[{\"@type\":\"ListItem\",\"position\":1,\"name\":\"Kezd\u0151lap\",\"item\":\"https:\/\/royalequvito.com\/\"},{\"@type\":\"ListItem\",\"position\":2,\"name\":\"Shop\",\"item\":\"https:\/\/royalequvito.com\/shop\/\"},{\"@type\":\"ListItem\",\"position\":3,\"name\":\"Mystery Moonlight K\u00f6t\u0151f\u00e9k\"}]},{\"@type\":\"WebSite\",\"@id\":\"https:\/\/royalequvito.com\/#website\",\"url\":\"https:\/\/royalequvito.com\/\",\"name\":\"Royal Equvito\",\"description\":\"Royal Quality For Your Horse\",\"publisher\":{\"@id\":\"https:\/\/royalequvito.com\/#organization\"},\"potentialAction\":[{\"@type\":\"SearchAction\",\"target\":{\"@type\":\"EntryPoint\",\"urlTemplate\":\"https:\/\/royalequvito.com\/?s={search_term_string}\"},\"query-input\":{\"@type\":\"PropertyValueSpecification\",\"valueRequired\":true,\"valueName\":\"search_term_string\"}}],\"inLanguage\":\"en-US\"},{\"@type\":\"Organization\",\"@id\":\"https:\/\/royalequvito.com\/#organization\",\"name\":\"Royal Equvito\",\"url\":\"https:\/\/royalequvito.com\/\",\"logo\":{\"@type\":\"ImageObject\",\"inLanguage\":\"en-US\",\"@id\":\"https:\/\/royalequvito.com\/#\/schema\/logo\/image\/\",\"url\":\"https:\/\/royalequvito.com\/wp-content\/uploads\/2025\/11\/cropped-ChatGPT-Image-2025.-nov.-20.-11_08_48.png\",\"contentUrl\":\"https:\/\/royalequvito.com\/wp-content\/uploads\/2025\/11\/cropped-ChatGPT-Image-2025.-nov.-20.-11_08_48.png\",\"width\":1021,\"height\":1022,\"caption\":\"Royal Equvito\"},\"image\":{\"@id\":\"https:\/\/royalequvito.com\/#\/schema\/logo\/image\/\"}}]}<\/script>\n<!-- \/ Yoast SEO plugin. -->","yoast_head_json":{"title":"Mystery Moonlight K\u00f6t\u0151f\u00e9k - Royal Equvito","description":"Fedezd fel a Royal Equvito Mystery Moonlight k\u00f6t\u0151f\u00e9ket! Rendk\u00edv\u00fcl eleg\u00e1ns sz\u00fcrke nylon k\u00f6t\u0151f\u00e9k sz\u00fcrke-fekete glitteres pofasz\u00edj d\u00edsz\u00edt\u00e9ssel, ez\u00fcst log\u00f3val \u00e9s strapab\u00edr\u00f3 f\u00e9m elemekkel. Biztons\u00e1gos, praktikus \u00e9s st\u00edlusos kieg\u00e9sz\u00edt\u0151 a Mystery Moonlight kollekci\u00f3hoz.","robots":{"index":"index","follow":"follow","max-snippet":"max-snippet:-1","max-image-preview":"max-image-preview:large","max-video-preview":"max-video-preview:-1"},"canonical":"https:\/\/royalequvito.com\/en\/product\/royal-equvito-mystery-moonlight-kotofek-elegans-szurke-muszorme-reszletekkel\/","og_locale":"en_US","og_type":"article","og_title":"Mystery Moonlight K\u00f6t\u0151f\u00e9k - Royal Equvito","og_description":"Fedezd fel a Royal Equvito Mystery Moonlight k\u00f6t\u0151f\u00e9ket! Rendk\u00edv\u00fcl eleg\u00e1ns sz\u00fcrke nylon k\u00f6t\u0151f\u00e9k sz\u00fcrke-fekete glitteres pofasz\u00edj d\u00edsz\u00edt\u00e9ssel, ez\u00fcst log\u00f3val \u00e9s strapab\u00edr\u00f3 f\u00e9m elemekkel. Biztons\u00e1gos, praktikus \u00e9s st\u00edlusos kieg\u00e9sz\u00edt\u0151 a Mystery Moonlight kollekci\u00f3hoz.","og_url":"https:\/\/royalequvito.com\/en\/product\/royal-equvito-mystery-moonlight-kotofek-elegans-szurke-muszorme-reszletekkel\/","og_site_name":"Royal Equvito","article_modified_time":"2026-03-10T19:07:11+00:00","og_image":[{"width":1707,"height":2560,"url":"https:\/\/royalequvito.com\/wp-content\/uploads\/2025\/05\/DSC_3788-scaled.jpg","type":"image\/jpeg"}],"twitter_card":"summary_large_image","twitter_misc":{"Est. reading time":"1 minute"},"schema":{"@context":"https:\/\/schema.org","@graph":[{"@type":"WebPage","@id":"https:\/\/royalequvito.com\/termek\/royal-equvito-mystery-moonlight-kotofek-elegans-szurke-muszorme-reszletekkel\/","url":"https:\/\/royalequvito.com\/termek\/royal-equvito-mystery-moonlight-kotofek-elegans-szurke-muszorme-reszletekkel\/","name":"Mystery Moonlight K\u00f6t\u0151f\u00e9k - Royal Equvito","isPartOf":{"@id":"https:\/\/royalequvito.com\/#website"},"primaryImageOfPage":{"@id":"https:\/\/royalequvito.com\/termek\/royal-equvito-mystery-moonlight-kotofek-elegans-szurke-muszorme-reszletekkel\/#primaryimage"},"image":{"@id":"https:\/\/royalequvito.com\/termek\/royal-equvito-mystery-moonlight-kotofek-elegans-szurke-muszorme-reszletekkel\/#primaryimage"},"thumbnailUrl":"https:\/\/royalequvito.com\/wp-content\/uploads\/2025\/05\/DSC_3788-scaled.jpg","datePublished":"2025-05-07T10:08:10+00:00","dateModified":"2026-03-10T19:07:11+00:00","description":"Fedezd fel a Royal Equvito Mystery Moonlight k\u00f6t\u0151f\u00e9ket! Rendk\u00edv\u00fcl eleg\u00e1ns sz\u00fcrke nylon k\u00f6t\u0151f\u00e9k sz\u00fcrke-fekete glitteres pofasz\u00edj d\u00edsz\u00edt\u00e9ssel, ez\u00fcst log\u00f3val \u00e9s strapab\u00edr\u00f3 f\u00e9m elemekkel. Biztons\u00e1gos, praktikus \u00e9s st\u00edlusos kieg\u00e9sz\u00edt\u0151 a Mystery Moonlight kollekci\u00f3hoz.","breadcrumb":{"@id":"https:\/\/royalequvito.com\/termek\/royal-equvito-mystery-moonlight-kotofek-elegans-szurke-muszorme-reszletekkel\/#breadcrumb"},"inLanguage":"en-US","potentialAction":[{"@type":"ReadAction","target":["https:\/\/royalequvito.com\/termek\/royal-equvito-mystery-moonlight-kotofek-elegans-szurke-muszorme-reszletekkel\/"]}]},{"@type":"ImageObject","inLanguage":"en-US","@id":"https:\/\/royalequvito.com\/termek\/royal-equvito-mystery-moonlight-kotofek-elegans-szurke-muszorme-reszletekkel\/#primaryimage","url":"https:\/\/royalequvito.com\/wp-content\/uploads\/2025\/05\/DSC_3788-scaled.jpg","contentUrl":"https:\/\/royalequvito.com\/wp-content\/uploads\/2025\/05\/DSC_3788-scaled.jpg","width":1707,"height":2560},{"@type":"BreadcrumbList","@id":"https:\/\/royalequvito.com\/termek\/royal-equvito-mystery-moonlight-kotofek-elegans-szurke-muszorme-reszletekkel\/#breadcrumb","itemListElement":[{"@type":"ListItem","position":1,"name":"Kezd\u0151lap","item":"https:\/\/royalequvito.com\/"},{"@type":"ListItem","position":2,"name":"Shop","item":"https:\/\/royalequvito.com\/shop\/"},{"@type":"ListItem","position":3,"name":"Mystery Moonlight K\u00f6t\u0151f\u00e9k"}]},{"@type":"WebSite","@id":"https:\/\/royalequvito.com\/#website","url":"https:\/\/royalequvito.com\/","name":"Royal Equvito","description":"Royal Quality For Your Horse","publisher":{"@id":"https:\/\/royalequvito.com\/#organization"},"potentialAction":[{"@type":"SearchAction","target":{"@type":"EntryPoint","urlTemplate":"https:\/\/royalequvito.com\/?s={search_term_string}"},"query-input":{"@type":"PropertyValueSpecification","valueRequired":true,"valueName":"search_term_string"}}],"inLanguage":"en-US"},{"@type":"Organization","@id":"https:\/\/royalequvito.com\/#organization","name":"Royal Equvito","url":"https:\/\/royalequvito.com\/","logo":{"@type":"ImageObject","inLanguage":"en-US","@id":"https:\/\/royalequvito.com\/#\/schema\/logo\/image\/","url":"https:\/\/royalequvito.com\/wp-content\/uploads\/2025\/11\/cropped-ChatGPT-Image-2025.-nov.-20.-11_08_48.png","contentUrl":"https:\/\/royalequvito.com\/wp-content\/uploads\/2025\/11\/cropped-ChatGPT-Image-2025.-nov.-20.-11_08_48.png","width":1021,"height":1022,"caption":"Royal Equvito"},"image":{"@id":"https:\/\/royalequvito.com\/#\/schema\/logo\/image\/"}}]}},"uagb_featured_image_src":{"full":["https:\/\/royalequvito.com\/wp-content\/uploads\/2025\/05\/DSC_3788-scaled.jpg",1707,2560,false],"thumbnail":["https:\/\/royalequvito.com\/wp-content\/uploads\/2025\/05\/DSC_3788-150x150.jpg",150,150,true],"medium":["https:\/\/royalequvito.com\/wp-content\/uploads\/2025\/05\/DSC_3788-200x300.jpg",200,300,true],"medium_large":["https:\/\/royalequvito.com\/wp-content\/uploads\/2025\/05\/DSC_3788-768x1152.jpg",768,1152,true],"large":["https:\/\/royalequvito.com\/wp-content\/uploads\/2025\/05\/DSC_3788-683x1024.jpg",683,1024,true],"1536x1536":["https:\/\/royalequvito.com\/wp-content\/uploads\/2025\/05\/DSC_3788-1024x1536.jpg",1024,1536,true],"2048x2048":["https:\/\/royalequvito.com\/wp-content\/uploads\/2025\/05\/DSC_3788-1365x2048.jpg",1365,2048,true],"trp-custom-language-flag":["https:\/\/royalequvito.com\/wp-content\/uploads\/2025\/05\/DSC_3788-scaled.jpg",8,12,false],"woocommerce_thumbnail":["https:\/\/royalequvito.com\/wp-content\/uploads\/2025\/05\/DSC_3788-300x300.jpg",300,300,true],"woocommerce_single":["https:\/\/royalequvito.com\/wp-content\/uploads\/2025\/05\/DSC_3788-600x900.jpg",600,900,true],"woocommerce_gallery_thumbnail":["https:\/\/royalequvito.com\/wp-content\/uploads\/2025\/05\/DSC_3788-100x100.jpg",100,100,true]},"uagb_author_info":{"display_name":"Royal Equvito","author_link":"https:\/\/royalequvito.com\/en\/author\/"},"uagb_comment_info":0,"uagb_excerpt":"Rendk\u00edv\u00fcl eleg\u00e1ns sz\u00fcrke nylon k\u00f6t\u0151f\u00e9k, sz\u00ednben teljesen hozz\u00e1 ill\u0151 m\u0171sz\u0151rme r\u00e9szletekkel. A pofasz\u00edjakat\u00a0 sz\u00fcrke-fekete glitteres sz\u00edn\u00e1tmenet d\u00edsz\u00edti.A bal pofasz\u00edj k\u00f6zep\u00e9n egy ez\u00fcst sz\u00edn\u0171 grav\u00edrozott log\u00f3 tal\u00e1lhat\u00f3.Ez\u00fcst sz\u00edn\u0171 extra er\u0151s f\u00e9m elemeinek k\u00f6sz\u00f6nhet\u0151en strapab\u00edr\u00f3 \u00e9s biztons\u00e1gos.A f\u00e9m elemeket t\u00f6bb hely\u00e9n is log\u00f3 d\u00edsz\u00edti. &nbsp; Kombin\u00e1ld a Mystery Moonlight kollekci\u00f3 t\u00f6bbi darabj\u00e1val a teljes csillog\u00e1s\u00e9rt. &nbsp; M\u00e9retek","_links":{"self":[{"href":"https:\/\/royalequvito.com\/en\/wp-json\/wp\/v2\/product\/9586","targetHints":{"allow":["GET"]}}],"collection":[{"href":"https:\/\/royalequvito.com\/en\/wp-json\/wp\/v2\/product"}],"about":[{"href":"https:\/\/royalequvito.com\/en\/wp-json\/wp\/v2\/types\/product"}],"replies":[{"embeddable":true,"href":"https:\/\/royalequvito.com\/en\/wp-json\/wp\/v2\/comments?post=9586"}],"wp:featuredmedia":[{"embeddable":true,"href":"https:\/\/royalequvito.com\/en\/wp-json\/wp\/v2\/media\/9616"}],"wp:attachment":[{"href":"https:\/\/royalequvito.com\/en\/wp-json\/wp\/v2\/media?parent=9586"}],"wp:term":[{"taxonomy":"product_brand","embeddable":true,"href":"https:\/\/royalequvito.com\/en\/wp-json\/wp\/v2\/product_brand?post=9586"},{"taxonomy":"product_cat","embeddable":true,"href":"https:\/\/royalequvito.com\/en\/wp-json\/wp\/v2\/product_cat?post=9586"},{"taxonomy":"product_tag","embeddable":true,"href":"https:\/\/royalequvito.com\/en\/wp-json\/wp\/v2\/product_tag?post=9586"}],"curies":[{"name":"wp","href":"https:\/\/api.w.org\/{rel}","templated":true}]}}