{"id":9828,"date":"2025-06-13T11:38:17","date_gmt":"2025-06-13T11:38:17","guid":{"rendered":"https:\/\/theroyalwebshop.hu\/?post_type=product&#038;p=9828"},"modified":"2025-11-19T13:31:49","modified_gmt":"2025-11-19T13:31:49","slug":"mystery-moonlight-dijlovas-nyeregalatet-2","status":"publish","type":"product","link":"https:\/\/royalequvito.com\/en\/product\/mystery-moonlight-dijlovas-nyeregalatet-2\/","title":{"rendered":"Mystery Moonlight dressage saddle pad"},"content":{"rendered":"<p>An elegant, sparkling saddle pad with a gradient color design.\nFeatures a white-green-dark gray colors with black accents, and a silver metal logo on the left side of the pad.\n\nThanks to its Cool Mesh material, it quickly wicks away moisture and dries fast, helping to keep your horse comfortable and fresh during work.<\/p>\n<p>Thanks to its unique gradient design, the saddle pad displays different shades under varying lighting conditions. This ever-changing color effect offers a fresh experience every moment\u2014guaranteed to catch every eye!<\/p>\n<p>&nbsp;<\/p>\n<p>Combine it with the other pieces from the Mystery Moonlight collection for full sparkle.<\/p>\n<p>&nbsp;<\/p>\n<p><strong>Product Details &amp; Care<\/strong><\/p>\n<p class=\"translation-block\"><strong>Color<\/strong>: white-green-dark gray gradient<\/p>\n<p class=\"translation-block\"><strong>Edge Color<\/strong>: black<\/p>\n<p class=\"translation-block\"><strong>Piping Color<\/strong>: black<\/p>\n<p class=\"translation-block\"><strong>Metal Logo Color<\/strong>: silver<\/p>\n<p class=\"translation-block\"><strong>Material:<\/strong> Inner material: 100% polyester \/ Cool Mesh, Outer material: printed glitter polyester<\/p>\n<p>&nbsp;<\/p>\n<p><strong>Care Guide:<\/strong><\/p>\n<ul>\n<li class=\"cvGsUA direction-ltr align-start para-style-body\"><span class=\"OYPEnA font-feature-liga-off font-feature-clig-off font-feature-calt-off text-decoration-none text-strikethrough-none\">Wash separately.<\/span><\/li>\n<li class=\"cvGsUA direction-ltr align-start para-style-body\"><span class=\"OYPEnA font-feature-liga-off font-feature-clig-off font-feature-calt-off text-decoration-none text-strikethrough-none\">Gentle wash recommended.<\/span><\/li>\n<li class=\"cvGsUA direction-ltr align-start para-style-body\"><span class=\"OYPEnA font-feature-liga-off font-feature-clig-off font-feature-calt-off text-decoration-none text-strikethrough-none\">Wash at a maximum of 30\u00b0C.<\/span><\/li>\n<li class=\"cvGsUA direction-ltr align-start para-style-body\"><span class=\"OYPEnA font-feature-liga-off font-feature-clig-off font-feature-calt-off text-decoration-none text-strikethrough-none\">Turn inside out before machine washing for maximum effectiveness and to protect the metal logo.<\/span><\/li>\n<li class=\"cvGsUA direction-ltr align-start para-style-body\"><span class=\"OYPEnA font-feature-liga-off font-feature-clig-off font-feature-calt-off text-decoration-none text-strikethrough-none\">Use minimal detergent\/softener.<\/span><\/li>\n<li class=\"cvGsUA direction-ltr align-start para-style-body\"><span class=\"OYPEnA font-feature-liga-off font-feature-clig-off font-feature-calt-off text-decoration-none text-strikethrough-none\">Use a low spin cycle.<\/span><\/li>\n<li class=\"cvGsUA direction-ltr align-start para-style-body\"><span class=\"OYPEnA font-feature-liga-off font-feature-clig-off font-feature-calt-off text-decoration-none text-strikethrough-none\">The use of powder detergent is not recommended!<\/span><\/li>\n<li class=\"cvGsUA direction-ltr align-start para-style-body\"><span class=\"OYPEnA font-feature-liga-off font-feature-clig-off font-feature-calt-off text-decoration-none text-strikethrough-none\">Not suitable for tumble drying!<\/span><\/li>\n<li class=\"cvGsUA direction-ltr align-start para-style-body\"><span class=\"OYPEnA font-feature-liga-off font-feature-clig-off font-feature-calt-off text-decoration-none text-strikethrough-none\">Do not iron!<\/span><\/li>\n<\/ul>","protected":false},"excerpt":{"rendered":"<p><strong>Size: FULL<\/strong><\/p>\n<p>Condition: New product, minor stitching defect<\/p>\n<p><span style=\"color: #000000;\"><a style=\"color: #000000;\" href=\"https:\/\/royalequvito.com\/en\/royal-chance\/\"><em>What is Royal Chance?!<\/em><\/a><\/span><\/p>","protected":false},"featured_media":9831,"comment_status":"open","ping_status":"closed","template":"","meta":{"_uag_custom_page_level_css":"","site-sidebar-layout":"default","site-content-layout":"","ast-site-content-layout":"default","site-content-style":"default","site-sidebar-style":"default","ast-global-header-display":"","ast-banner-title-visibility":"","ast-main-header-display":"","ast-hfb-above-header-display":"","ast-hfb-below-header-display":"","ast-hfb-mobile-header-display":"","site-post-title":"","ast-breadcrumbs-content":"","ast-featured-img":"","footer-sml-layout":"","theme-transparent-header-meta":"default","adv-header-id-meta":"","stick-header-meta":"","header-above-stick-meta":"","header-main-stick-meta":"","header-below-stick-meta":"","astra-migrate-meta-layouts":"set","ast-page-background-enabled":"default","ast-page-background-meta":{"desktop":{"background-color":"var(--ast-global-color-4)","background-image":"","background-repeat":"repeat","background-position":"center center","background-size":"auto","background-attachment":"scroll","background-type":"","background-media":"","overlay-type":"","overlay-color":"","overlay-opacity":"","overlay-gradient":""},"tablet":{"background-color":"","background-image":"","background-repeat":"repeat","background-position":"center center","background-size":"auto","background-attachment":"scroll","background-type":"","background-media":"","overlay-type":"","overlay-color":"","overlay-opacity":"","overlay-gradient":""},"mobile":{"background-color":"","background-image":"","background-repeat":"repeat","background-position":"center center","background-size":"auto","background-attachment":"scroll","background-type":"","background-media":"","overlay-type":"","overlay-color":"","overlay-opacity":"","overlay-gradient":""}},"ast-content-background-meta":{"desktop":{"background-color":"var(--ast-global-color-5)","background-image":"","background-repeat":"repeat","background-position":"center center","background-size":"auto","background-attachment":"scroll","background-type":"","background-media":"","overlay-type":"","overlay-color":"","overlay-opacity":"","overlay-gradient":""},"tablet":{"background-color":"var(--ast-global-color-5)","background-image":"","background-repeat":"repeat","background-position":"center center","background-size":"auto","background-attachment":"scroll","background-type":"","background-media":"","overlay-type":"","overlay-color":"","overlay-opacity":"","overlay-gradient":""},"mobile":{"background-color":"var(--ast-global-color-5)","background-image":"","background-repeat":"repeat","background-position":"center center","background-size":"auto","background-attachment":"scroll","background-type":"","background-media":"","overlay-type":"","overlay-color":"","overlay-opacity":"","overlay-gradient":""}},"iawp_total_views":74},"product_brand":[],"product_cat":[259],"product_tag":[],"class_list":{"0":"post-9828","1":"product","2":"type-product","3":"status-publish","4":"has-post-thumbnail","6":"product_cat-royal-chance","7":"desktop-align-left","8":"tablet-align-left","9":"mobile-align-left","11":"first","12":"outofstock","13":"sale","14":"shipping-taxable","15":"purchasable","16":"product-type-simple"},"yoast_head":"<!-- This site is optimized with the Yoast SEO plugin v26.2 - https:\/\/yoast.com\/wordpress\/plugins\/seo\/ -->\n<title>Mystery Moonlight d\u00edjlovas nyeregal\u00e1t\u00e9t - Royal Equvito<\/title>\n<meta name=\"robots\" content=\"index, follow, max-snippet:-1, max-image-preview:large, max-video-preview:-1\" \/>\n<link rel=\"canonical\" href=\"https:\/\/royalequvito.com\/en\/product\/mystery-moonlight-dijlovas-nyeregalatet-2\/\" \/>\n<meta property=\"og:locale\" content=\"en_US\" \/>\n<meta property=\"og:type\" content=\"article\" \/>\n<meta property=\"og:title\" content=\"Mystery Moonlight d\u00edjlovas nyeregal\u00e1t\u00e9t - Royal Equvito\" \/>\n<meta property=\"og:description\" content=\"M\u00e9ret: FULL  \u00c1llapot: \u00daj term\u00e9k, minim\u00e1lis varr\u00e1s hiba  Mi az\u00a0 Royal Chance?!\" \/>\n<meta property=\"og:url\" content=\"https:\/\/royalequvito.com\/en\/product\/mystery-moonlight-dijlovas-nyeregalatet-2\/\" \/>\n<meta property=\"og:site_name\" content=\"Royal Equvito\" \/>\n<meta property=\"article:modified_time\" content=\"2025-11-19T13:31:49+00:00\" \/>\n<meta property=\"og:image\" content=\"https:\/\/royalequvito.com\/wp-content\/uploads\/2025\/06\/Nevtelen-terv-14-1-1024x1024.png\" \/>\n\t<meta property=\"og:image:width\" content=\"1024\" \/>\n\t<meta property=\"og:image:height\" content=\"1024\" \/>\n\t<meta property=\"og:image:type\" content=\"image\/png\" \/>\n<meta name=\"twitter:card\" content=\"summary_large_image\" \/>\n<meta name=\"twitter:label1\" content=\"Est. reading time\" \/>\n\t<meta name=\"twitter:data1\" content=\"2 minutes\" \/>\n<script type=\"application\/ld+json\" class=\"yoast-schema-graph\">{\"@context\":\"https:\/\/schema.org\",\"@graph\":[{\"@type\":\"WebPage\",\"@id\":\"https:\/\/royalequvito.com\/termek\/mystery-moonlight-dijlovas-nyeregalatet-2\/\",\"url\":\"https:\/\/royalequvito.com\/termek\/mystery-moonlight-dijlovas-nyeregalatet-2\/\",\"name\":\"Mystery Moonlight d\u00edjlovas nyeregal\u00e1t\u00e9t - Royal Equvito\",\"isPartOf\":{\"@id\":\"https:\/\/royalequvito.com\/#website\"},\"primaryImageOfPage\":{\"@id\":\"https:\/\/royalequvito.com\/termek\/mystery-moonlight-dijlovas-nyeregalatet-2\/#primaryimage\"},\"image\":{\"@id\":\"https:\/\/royalequvito.com\/termek\/mystery-moonlight-dijlovas-nyeregalatet-2\/#primaryimage\"},\"thumbnailUrl\":\"https:\/\/royalequvito.com\/wp-content\/uploads\/2025\/06\/Nevtelen-terv-14-1.png\",\"datePublished\":\"2025-06-13T11:38:17+00:00\",\"dateModified\":\"2025-11-19T13:31:49+00:00\",\"breadcrumb\":{\"@id\":\"https:\/\/royalequvito.com\/termek\/mystery-moonlight-dijlovas-nyeregalatet-2\/#breadcrumb\"},\"inLanguage\":\"en-US\",\"potentialAction\":[{\"@type\":\"ReadAction\",\"target\":[\"https:\/\/royalequvito.com\/termek\/mystery-moonlight-dijlovas-nyeregalatet-2\/\"]}]},{\"@type\":\"ImageObject\",\"inLanguage\":\"en-US\",\"@id\":\"https:\/\/royalequvito.com\/termek\/mystery-moonlight-dijlovas-nyeregalatet-2\/#primaryimage\",\"url\":\"https:\/\/royalequvito.com\/wp-content\/uploads\/2025\/06\/Nevtelen-terv-14-1.png\",\"contentUrl\":\"https:\/\/royalequvito.com\/wp-content\/uploads\/2025\/06\/Nevtelen-terv-14-1.png\",\"width\":1080,\"height\":1080},{\"@type\":\"BreadcrumbList\",\"@id\":\"https:\/\/royalequvito.com\/termek\/mystery-moonlight-dijlovas-nyeregalatet-2\/#breadcrumb\",\"itemListElement\":[{\"@type\":\"ListItem\",\"position\":1,\"name\":\"Kezd\u0151lap\",\"item\":\"https:\/\/royalequvito.com\/\"},{\"@type\":\"ListItem\",\"position\":2,\"name\":\"Shop\",\"item\":\"https:\/\/royalequvito.com\/shop\/\"},{\"@type\":\"ListItem\",\"position\":3,\"name\":\"Mystery Moonlight d\u00edjlovas nyeregal\u00e1t\u00e9t\"}]},{\"@type\":\"WebSite\",\"@id\":\"https:\/\/royalequvito.com\/#website\",\"url\":\"https:\/\/royalequvito.com\/\",\"name\":\"Royal Equvito\",\"description\":\"Royal Quality For Your Horse\",\"publisher\":{\"@id\":\"https:\/\/royalequvito.com\/#organization\"},\"potentialAction\":[{\"@type\":\"SearchAction\",\"target\":{\"@type\":\"EntryPoint\",\"urlTemplate\":\"https:\/\/royalequvito.com\/?s={search_term_string}\"},\"query-input\":{\"@type\":\"PropertyValueSpecification\",\"valueRequired\":true,\"valueName\":\"search_term_string\"}}],\"inLanguage\":\"en-US\"},{\"@type\":\"Organization\",\"@id\":\"https:\/\/royalequvito.com\/#organization\",\"name\":\"Royal Equvito\",\"url\":\"https:\/\/royalequvito.com\/\",\"logo\":{\"@type\":\"ImageObject\",\"inLanguage\":\"en-US\",\"@id\":\"https:\/\/royalequvito.com\/#\/schema\/logo\/image\/\",\"url\":\"https:\/\/royalequvito.com\/wp-content\/uploads\/2025\/11\/cropped-ChatGPT-Image-2025.-nov.-20.-11_08_48.png\",\"contentUrl\":\"https:\/\/royalequvito.com\/wp-content\/uploads\/2025\/11\/cropped-ChatGPT-Image-2025.-nov.-20.-11_08_48.png\",\"width\":1021,\"height\":1022,\"caption\":\"Royal Equvito\"},\"image\":{\"@id\":\"https:\/\/royalequvito.com\/#\/schema\/logo\/image\/\"}}]}<\/script>\n<!-- \/ Yoast SEO plugin. -->","yoast_head_json":{"title":"Mystery Moonlight d\u00edjlovas nyeregal\u00e1t\u00e9t - Royal Equvito","robots":{"index":"index","follow":"follow","max-snippet":"max-snippet:-1","max-image-preview":"max-image-preview:large","max-video-preview":"max-video-preview:-1"},"canonical":"https:\/\/royalequvito.com\/en\/product\/mystery-moonlight-dijlovas-nyeregalatet-2\/","og_locale":"en_US","og_type":"article","og_title":"Mystery Moonlight d\u00edjlovas nyeregal\u00e1t\u00e9t - Royal Equvito","og_description":"M\u00e9ret: FULL  \u00c1llapot: \u00daj term\u00e9k, minim\u00e1lis varr\u00e1s hiba  Mi az\u00a0 Royal Chance?!","og_url":"https:\/\/royalequvito.com\/en\/product\/mystery-moonlight-dijlovas-nyeregalatet-2\/","og_site_name":"Royal Equvito","article_modified_time":"2025-11-19T13:31:49+00:00","og_image":[{"width":1024,"height":1024,"url":"https:\/\/royalequvito.com\/wp-content\/uploads\/2025\/06\/Nevtelen-terv-14-1-1024x1024.png","type":"image\/png"}],"twitter_card":"summary_large_image","twitter_misc":{"Est. reading time":"2 minutes"},"schema":{"@context":"https:\/\/schema.org","@graph":[{"@type":"WebPage","@id":"https:\/\/royalequvito.com\/termek\/mystery-moonlight-dijlovas-nyeregalatet-2\/","url":"https:\/\/royalequvito.com\/termek\/mystery-moonlight-dijlovas-nyeregalatet-2\/","name":"Mystery Moonlight d\u00edjlovas nyeregal\u00e1t\u00e9t - Royal Equvito","isPartOf":{"@id":"https:\/\/royalequvito.com\/#website"},"primaryImageOfPage":{"@id":"https:\/\/royalequvito.com\/termek\/mystery-moonlight-dijlovas-nyeregalatet-2\/#primaryimage"},"image":{"@id":"https:\/\/royalequvito.com\/termek\/mystery-moonlight-dijlovas-nyeregalatet-2\/#primaryimage"},"thumbnailUrl":"https:\/\/royalequvito.com\/wp-content\/uploads\/2025\/06\/Nevtelen-terv-14-1.png","datePublished":"2025-06-13T11:38:17+00:00","dateModified":"2025-11-19T13:31:49+00:00","breadcrumb":{"@id":"https:\/\/royalequvito.com\/termek\/mystery-moonlight-dijlovas-nyeregalatet-2\/#breadcrumb"},"inLanguage":"en-US","potentialAction":[{"@type":"ReadAction","target":["https:\/\/royalequvito.com\/termek\/mystery-moonlight-dijlovas-nyeregalatet-2\/"]}]},{"@type":"ImageObject","inLanguage":"en-US","@id":"https:\/\/royalequvito.com\/termek\/mystery-moonlight-dijlovas-nyeregalatet-2\/#primaryimage","url":"https:\/\/royalequvito.com\/wp-content\/uploads\/2025\/06\/Nevtelen-terv-14-1.png","contentUrl":"https:\/\/royalequvito.com\/wp-content\/uploads\/2025\/06\/Nevtelen-terv-14-1.png","width":1080,"height":1080},{"@type":"BreadcrumbList","@id":"https:\/\/royalequvito.com\/termek\/mystery-moonlight-dijlovas-nyeregalatet-2\/#breadcrumb","itemListElement":[{"@type":"ListItem","position":1,"name":"Kezd\u0151lap","item":"https:\/\/royalequvito.com\/"},{"@type":"ListItem","position":2,"name":"Shop","item":"https:\/\/royalequvito.com\/shop\/"},{"@type":"ListItem","position":3,"name":"Mystery Moonlight d\u00edjlovas nyeregal\u00e1t\u00e9t"}]},{"@type":"WebSite","@id":"https:\/\/royalequvito.com\/#website","url":"https:\/\/royalequvito.com\/","name":"Royal Equvito","description":"Royal Quality For Your Horse","publisher":{"@id":"https:\/\/royalequvito.com\/#organization"},"potentialAction":[{"@type":"SearchAction","target":{"@type":"EntryPoint","urlTemplate":"https:\/\/royalequvito.com\/?s={search_term_string}"},"query-input":{"@type":"PropertyValueSpecification","valueRequired":true,"valueName":"search_term_string"}}],"inLanguage":"en-US"},{"@type":"Organization","@id":"https:\/\/royalequvito.com\/#organization","name":"Royal Equvito","url":"https:\/\/royalequvito.com\/","logo":{"@type":"ImageObject","inLanguage":"en-US","@id":"https:\/\/royalequvito.com\/#\/schema\/logo\/image\/","url":"https:\/\/royalequvito.com\/wp-content\/uploads\/2025\/11\/cropped-ChatGPT-Image-2025.-nov.-20.-11_08_48.png","contentUrl":"https:\/\/royalequvito.com\/wp-content\/uploads\/2025\/11\/cropped-ChatGPT-Image-2025.-nov.-20.-11_08_48.png","width":1021,"height":1022,"caption":"Royal Equvito"},"image":{"@id":"https:\/\/royalequvito.com\/#\/schema\/logo\/image\/"}}]}},"uagb_featured_image_src":{"full":["https:\/\/royalequvito.com\/wp-content\/uploads\/2025\/06\/Nevtelen-terv-14-1.png",1080,1080,false],"thumbnail":["https:\/\/royalequvito.com\/wp-content\/uploads\/2025\/06\/Nevtelen-terv-14-1-150x150.png",150,150,true],"medium":["https:\/\/royalequvito.com\/wp-content\/uploads\/2025\/06\/Nevtelen-terv-14-1-300x300.png",300,300,true],"medium_large":["https:\/\/royalequvito.com\/wp-content\/uploads\/2025\/06\/Nevtelen-terv-14-1-768x768.png",768,768,true],"large":["https:\/\/royalequvito.com\/wp-content\/uploads\/2025\/06\/Nevtelen-terv-14-1-1024x1024.png",1024,1024,true],"1536x1536":["https:\/\/royalequvito.com\/wp-content\/uploads\/2025\/06\/Nevtelen-terv-14-1.png",1080,1080,false],"2048x2048":["https:\/\/royalequvito.com\/wp-content\/uploads\/2025\/06\/Nevtelen-terv-14-1.png",1080,1080,false],"trp-custom-language-flag":["https:\/\/royalequvito.com\/wp-content\/uploads\/2025\/06\/Nevtelen-terv-14-1.png",12,12,false],"woocommerce_thumbnail":["https:\/\/royalequvito.com\/wp-content\/uploads\/2025\/06\/Nevtelen-terv-14-1-300x300.png",300,300,true],"woocommerce_single":["https:\/\/royalequvito.com\/wp-content\/uploads\/2025\/06\/Nevtelen-terv-14-1-600x600.png",600,600,true],"woocommerce_gallery_thumbnail":["https:\/\/royalequvito.com\/wp-content\/uploads\/2025\/06\/Nevtelen-terv-14-1-100x100.png",100,100,true]},"uagb_author_info":{"display_name":"Royal Equvito","author_link":"https:\/\/royalequvito.com\/en\/author\/"},"uagb_comment_info":0,"uagb_excerpt":"M\u00e9ret: FULL \u00c1llapot: \u00daj term\u00e9k, minim\u00e1lis varr\u00e1s hiba Mi az\u00a0 Royal Chance?!","_links":{"self":[{"href":"https:\/\/royalequvito.com\/en\/wp-json\/wp\/v2\/product\/9828","targetHints":{"allow":["GET"]}}],"collection":[{"href":"https:\/\/royalequvito.com\/en\/wp-json\/wp\/v2\/product"}],"about":[{"href":"https:\/\/royalequvito.com\/en\/wp-json\/wp\/v2\/types\/product"}],"replies":[{"embeddable":true,"href":"https:\/\/royalequvito.com\/en\/wp-json\/wp\/v2\/comments?post=9828"}],"wp:featuredmedia":[{"embeddable":true,"href":"https:\/\/royalequvito.com\/en\/wp-json\/wp\/v2\/media\/9831"}],"wp:attachment":[{"href":"https:\/\/royalequvito.com\/en\/wp-json\/wp\/v2\/media?parent=9828"}],"wp:term":[{"taxonomy":"product_brand","embeddable":true,"href":"https:\/\/royalequvito.com\/en\/wp-json\/wp\/v2\/product_brand?post=9828"},{"taxonomy":"product_cat","embeddable":true,"href":"https:\/\/royalequvito.com\/en\/wp-json\/wp\/v2\/product_cat?post=9828"},{"taxonomy":"product_tag","embeddable":true,"href":"https:\/\/royalequvito.com\/en\/wp-json\/wp\/v2\/product_tag?post=9828"}],"curies":[{"name":"wp","href":"https:\/\/api.w.org\/{rel}","templated":true}]}}